{"id":7382,"date":"2021-09-03T17:10:14","date_gmt":"2021-09-03T17:10:14","guid":{"rendered":"https:\/\/deccore.com.br\/loja\/?post_type=product&#038;p=7382"},"modified":"2022-02-15T17:15:44","modified_gmt":"2022-02-15T17:15:44","slug":"carro-bar-troia-novidade-deccore","status":"publish","type":"product","link":"https:\/\/deccore.com.br\/loja\/product\/carro-bar-troia-novidade-deccore\/","title":{"rendered":"CARRO BAR TR\u00d3IA"},"content":{"rendered":"","protected":false},"excerpt":{"rendered":"<div>\n<h4 class=\"elementor-author-box__name\">Tascieny Brand\u00e3o<\/h4>\n<\/div>\n<div class=\"elementor-author-box__bio\">Arquiteta Sul Mato-grossense, nascida em 1991, natural de Campo Grande, desde a sua inf\u00e2ncia esbo\u00e7ava seu tino pelo desenho, e foi grandemente impactada pelo mundo do Design de Mobili\u00e1rio em 2017, ao encetar sua carreira na Casa Design M\u00f3veis. Em 2018, iniciou sua trajet\u00f3ria pela Tissot M\u00f3veis com o lan\u00e7amento do Carro Bar Tr\u00f3ia, e em seguida cursou a P\u00f3s-Gradua\u00e7\u00e3o em Design de Mobili\u00e1rio, com os Mestres Leonardo Lattavo e Pedro Moog, os Lattoog. Tem como principal fonte de inspira\u00e7\u00e3o o design e a arquitetura nacional, e como \u00edcones: S\u00e9rgio Rodrigues, Jader Almeida e Oscar Niemeyer. &#8220;Sou fascinada pela atemporalidade do desenho, busco associar funcionalidade, ergonomia e beleza em minhas cria\u00e7\u00f5es&#8221;<\/div>\n<p>O Carro Bar Tr\u00f3ia, cria\u00e7\u00e3o da designer Tascieny Brand\u00e3o, teve como fonte de inspira\u00e7\u00e3o a impon\u00eancia e ousadia do Grande Cavalo de Tr\u00f3ia.<\/p>\n","protected":false},"featured_media":7384,"template":"","meta":[],"product_brand":[],"product_cat":[90,89],"product_tag":[],"class_list":{"0":"post-7382","1":"product","2":"type-product","3":"status-publish","4":"has-post-thumbnail","6":"product_cat-carrinho-de-cha","7":"product_cat-carro-bar","9":"first","10":"instock","11":"shipping-taxable","12":"product-type-simple"},"_links":{"self":[{"href":"https:\/\/deccore.com.br\/loja\/wp-json\/wp\/v2\/product\/7382","targetHints":{"allow":["GET"]}}],"collection":[{"href":"https:\/\/deccore.com.br\/loja\/wp-json\/wp\/v2\/product"}],"about":[{"href":"https:\/\/deccore.com.br\/loja\/wp-json\/wp\/v2\/types\/product"}],"version-history":[{"count":2,"href":"https:\/\/deccore.com.br\/loja\/wp-json\/wp\/v2\/product\/7382\/revisions"}],"predecessor-version":[{"id":7908,"href":"https:\/\/deccore.com.br\/loja\/wp-json\/wp\/v2\/product\/7382\/revisions\/7908"}],"wp:featuredmedia":[{"embeddable":true,"href":"https:\/\/deccore.com.br\/loja\/wp-json\/wp\/v2\/media\/7384"}],"wp:attachment":[{"href":"https:\/\/deccore.com.br\/loja\/wp-json\/wp\/v2\/media?parent=7382"}],"wp:term":[{"taxonomy":"product_brand","embeddable":true,"href":"https:\/\/deccore.com.br\/loja\/wp-json\/wp\/v2\/product_brand?post=7382"},{"taxonomy":"product_cat","embeddable":true,"href":"https:\/\/deccore.com.br\/loja\/wp-json\/wp\/v2\/product_cat?post=7382"},{"taxonomy":"product_tag","embeddable":true,"href":"https:\/\/deccore.com.br\/loja\/wp-json\/wp\/v2\/product_tag?post=7382"}],"curies":[{"name":"wp","href":"https:\/\/api.w.org\/{rel}","templated":true}]}}