{"id":7464,"date":"2021-09-22T13:08:15","date_gmt":"2021-09-22T13:08:15","guid":{"rendered":"https:\/\/deccore.com.br\/loja\/?post_type=product&#038;p=7464"},"modified":"2022-02-16T13:39:49","modified_gmt":"2022-02-16T13:39:49","slug":"luminaria-zac","status":"publish","type":"product","link":"https:\/\/deccore.com.br\/loja\/product\/luminaria-zac\/","title":{"rendered":"LUMIN\u00c1RIA ZAC"},"content":{"rendered":"","protected":false},"excerpt":{"rendered":"<h2 class=\"title-page\">INFORMA\u00c7\u00d5ES T\u00c9CNICAS<\/h2>\n<p>Madeira Tauari com op\u00e7\u00f5es de acabamento nas cores: Am\u00eandoa, Am\u00eandoa Fosco, Noce, Noce Fosco, \u00c9bano.<\/p>\n<h3>P\u00c9S:<\/h3>\n<p>Madeira Tauari com op\u00e7\u00f5es de acabamento nas cores: Am\u00eandoa, Am\u00eandoa Fosco, Noce, Noce Fosco, \u00c9bano.<\/p>\n<h3>C\u00daPULAS:<\/h3>\n<p>P1 &#8211; Preta cil\u00edndrica;<br \/>\nP2 &#8211; Preta Trapezoidal;<br \/>\nB1 &#8211; Linho Claro cil\u00edndrica;<br \/>\nB2 &#8211; Linho Claro Trapezoidal.<\/p>\n","protected":false},"featured_media":7465,"template":"","meta":[],"product_brand":[],"product_cat":[77],"product_tag":[],"class_list":{"0":"post-7464","1":"product","2":"type-product","3":"status-publish","4":"has-post-thumbnail","6":"product_cat-luminaria","8":"first","9":"instock","10":"shipping-taxable","11":"product-type-simple"},"_links":{"self":[{"href":"https:\/\/deccore.com.br\/loja\/wp-json\/wp\/v2\/product\/7464","targetHints":{"allow":["GET"]}}],"collection":[{"href":"https:\/\/deccore.com.br\/loja\/wp-json\/wp\/v2\/product"}],"about":[{"href":"https:\/\/deccore.com.br\/loja\/wp-json\/wp\/v2\/types\/product"}],"version-history":[{"count":1,"href":"https:\/\/deccore.com.br\/loja\/wp-json\/wp\/v2\/product\/7464\/revisions"}],"predecessor-version":[{"id":7466,"href":"https:\/\/deccore.com.br\/loja\/wp-json\/wp\/v2\/product\/7464\/revisions\/7466"}],"wp:featuredmedia":[{"embeddable":true,"href":"https:\/\/deccore.com.br\/loja\/wp-json\/wp\/v2\/media\/7465"}],"wp:attachment":[{"href":"https:\/\/deccore.com.br\/loja\/wp-json\/wp\/v2\/media?parent=7464"}],"wp:term":[{"taxonomy":"product_brand","embeddable":true,"href":"https:\/\/deccore.com.br\/loja\/wp-json\/wp\/v2\/product_brand?post=7464"},{"taxonomy":"product_cat","embeddable":true,"href":"https:\/\/deccore.com.br\/loja\/wp-json\/wp\/v2\/product_cat?post=7464"},{"taxonomy":"product_tag","embeddable":true,"href":"https:\/\/deccore.com.br\/loja\/wp-json\/wp\/v2\/product_tag?post=7464"}],"curies":[{"name":"wp","href":"https:\/\/api.w.org\/{rel}","templated":true}]}}