{"id":7467,"date":"2021-09-22T13:10:47","date_gmt":"2021-09-22T13:10:47","guid":{"rendered":"https:\/\/deccore.com.br\/loja\/?post_type=product&#038;p=7467"},"modified":"2021-11-26T14:29:51","modified_gmt":"2021-11-26T14:29:51","slug":"luminaria-izo","status":"publish","type":"product","link":"https:\/\/deccore.com.br\/loja\/product\/luminaria-izo\/","title":{"rendered":"LUMIN\u00c1RIA IZO"},"content":{"rendered":"","protected":false},"excerpt":{"rendered":"<h2 class=\"title-page\">INFORMA\u00c7\u00d5ES T\u00c9CNICAS<\/h2>\n<h3>COR:<\/h3>\n<p>Preta<\/p>\n<h3>L\u00c2MPADA:<\/h3>\n<p>D200 LED<\/p>\n","protected":false},"featured_media":7468,"template":"","meta":[],"product_brand":[],"product_cat":[77],"product_tag":[],"class_list":{"0":"post-7467","1":"product","2":"type-product","3":"status-publish","4":"has-post-thumbnail","6":"product_cat-luminaria","8":"first","9":"instock","10":"shipping-taxable","11":"product-type-simple"},"_links":{"self":[{"href":"https:\/\/deccore.com.br\/loja\/wp-json\/wp\/v2\/product\/7467","targetHints":{"allow":["GET"]}}],"collection":[{"href":"https:\/\/deccore.com.br\/loja\/wp-json\/wp\/v2\/product"}],"about":[{"href":"https:\/\/deccore.com.br\/loja\/wp-json\/wp\/v2\/types\/product"}],"version-history":[{"count":1,"href":"https:\/\/deccore.com.br\/loja\/wp-json\/wp\/v2\/product\/7467\/revisions"}],"predecessor-version":[{"id":7469,"href":"https:\/\/deccore.com.br\/loja\/wp-json\/wp\/v2\/product\/7467\/revisions\/7469"}],"wp:featuredmedia":[{"embeddable":true,"href":"https:\/\/deccore.com.br\/loja\/wp-json\/wp\/v2\/media\/7468"}],"wp:attachment":[{"href":"https:\/\/deccore.com.br\/loja\/wp-json\/wp\/v2\/media?parent=7467"}],"wp:term":[{"taxonomy":"product_brand","embeddable":true,"href":"https:\/\/deccore.com.br\/loja\/wp-json\/wp\/v2\/product_brand?post=7467"},{"taxonomy":"product_cat","embeddable":true,"href":"https:\/\/deccore.com.br\/loja\/wp-json\/wp\/v2\/product_cat?post=7467"},{"taxonomy":"product_tag","embeddable":true,"href":"https:\/\/deccore.com.br\/loja\/wp-json\/wp\/v2\/product_tag?post=7467"}],"curies":[{"name":"wp","href":"https:\/\/api.w.org\/{rel}","templated":true}]}}