{"id":7470,"date":"2021-09-22T13:17:53","date_gmt":"2021-09-22T13:17:53","guid":{"rendered":"https:\/\/deccore.com.br\/loja\/?post_type=product&#038;p=7470"},"modified":"2024-11-13T20:12:12","modified_gmt":"2024-11-13T20:12:12","slug":"banco-vitoria","status":"publish","type":"product","link":"https:\/\/deccore.com.br\/loja\/product\/banco-vitoria\/","title":{"rendered":"BANCO VIT\u00d3RIA &#8211; ENCOMENDA"},"content":{"rendered":"","protected":false},"excerpt":{"rendered":"<h2 class=\"title-page\">INFORMA\u00c7\u00d5ES T\u00c9CNICAS<\/h2>\n<div class=\"cols-info wrapper\">\n<div class=\"item span3\">\n<h3>ASSENTO:<\/h3>\n<p>Fixo, sobreposta por espuma com densidade D28 e D14.<\/p>\n<\/div>\n<div class=\"item span3\">\n<h3>REVESTIMENTO:<\/h3>\n<p>Diversas op\u00e7\u00f5es de tecidos em nosso mostru\u00e1rio, aonde a descri\u00e7\u00e3o do tecido consta na etiqueta do mesmo.<\/p>\n<\/div>\n<div class=\"item span3\">\n<h3>ENCOSTO:<\/h3>\n<p>N\u00e3o possui.<\/p>\n<\/div>\n<div class=\"item span3\">\n<h3>ESTRUTURA:<\/h3>\n<p>Madeira Tauari, Pinus e Eucalipto, reflorestada, seca, fixada com grampos de a\u00e7o galvanizados.<\/p>\n<\/div>\n<div class=\"item span3\">\n<h3>BRA\u00c7O:<\/h3>\n<p>N\u00e3o possui.<\/p>\n<\/div>\n<div class=\"item span3\">\n<h3>P\u00c9S:<\/h3>\n<p>Madeira Tauari com op\u00e7\u00f5es de acabamento nas cores: Am\u00eandoa, Am\u00eandoa Fosco, Noce, Noce fosco e \u00c9bano.<\/p>\n<\/div>\n<\/div>\n","protected":false},"featured_media":7471,"template":"","meta":[],"product_brand":[],"product_cat":[74,109],"product_tag":[],"class_list":{"0":"post-7470","1":"product","2":"type-product","3":"status-publish","4":"has-post-thumbnail","6":"product_cat-banco","7":"product_cat-puff","9":"first","10":"onbackorder","11":"shipping-taxable","12":"product-type-simple"},"_links":{"self":[{"href":"https:\/\/deccore.com.br\/loja\/wp-json\/wp\/v2\/product\/7470","targetHints":{"allow":["GET"]}}],"collection":[{"href":"https:\/\/deccore.com.br\/loja\/wp-json\/wp\/v2\/product"}],"about":[{"href":"https:\/\/deccore.com.br\/loja\/wp-json\/wp\/v2\/types\/product"}],"version-history":[{"count":4,"href":"https:\/\/deccore.com.br\/loja\/wp-json\/wp\/v2\/product\/7470\/revisions"}],"predecessor-version":[{"id":10847,"href":"https:\/\/deccore.com.br\/loja\/wp-json\/wp\/v2\/product\/7470\/revisions\/10847"}],"wp:featuredmedia":[{"embeddable":true,"href":"https:\/\/deccore.com.br\/loja\/wp-json\/wp\/v2\/media\/7471"}],"wp:attachment":[{"href":"https:\/\/deccore.com.br\/loja\/wp-json\/wp\/v2\/media?parent=7470"}],"wp:term":[{"taxonomy":"product_brand","embeddable":true,"href":"https:\/\/deccore.com.br\/loja\/wp-json\/wp\/v2\/product_brand?post=7470"},{"taxonomy":"product_cat","embeddable":true,"href":"https:\/\/deccore.com.br\/loja\/wp-json\/wp\/v2\/product_cat?post=7470"},{"taxonomy":"product_tag","embeddable":true,"href":"https:\/\/deccore.com.br\/loja\/wp-json\/wp\/v2\/product_tag?post=7470"}],"curies":[{"name":"wp","href":"https:\/\/api.w.org\/{rel}","templated":true}]}}