{"id":7482,"date":"2021-09-22T17:03:45","date_gmt":"2021-09-22T17:03:45","guid":{"rendered":"https:\/\/deccore.com.br\/loja\/?post_type=product&#038;p=7482"},"modified":"2021-09-22T17:03:45","modified_gmt":"2021-09-22T17:03:45","slug":"mesa-lateral-dora","status":"publish","type":"product","link":"https:\/\/deccore.com.br\/loja\/product\/mesa-lateral-dora\/","title":{"rendered":"MESA LATERAL DORA"},"content":{"rendered":"","protected":false},"excerpt":{"rendered":"<p>PE\u00c7A ASSINADA PELA ARQUITETA:<\/p>\n<h4 class=\"elementor-author-box__name\">Tascieny Brand\u00e3o<\/h4>\n<p>&nbsp;<\/p>\n<p>V\u00c1RIAS OP\u00c7\u00d5ES DE ACABAMENTOS.<\/p>\n","protected":false},"featured_media":7483,"template":"","meta":[],"product_brand":[],"product_cat":[77,71,95],"product_tag":[],"class_list":{"0":"post-7482","1":"product","2":"type-product","3":"status-publish","4":"has-post-thumbnail","6":"product_cat-luminaria","7":"product_cat-mesa-de-apoio","8":"product_cat-mesa-lateral","10":"first","11":"instock","12":"shipping-taxable","13":"product-type-simple"},"_links":{"self":[{"href":"https:\/\/deccore.com.br\/loja\/wp-json\/wp\/v2\/product\/7482","targetHints":{"allow":["GET"]}}],"collection":[{"href":"https:\/\/deccore.com.br\/loja\/wp-json\/wp\/v2\/product"}],"about":[{"href":"https:\/\/deccore.com.br\/loja\/wp-json\/wp\/v2\/types\/product"}],"version-history":[{"count":1,"href":"https:\/\/deccore.com.br\/loja\/wp-json\/wp\/v2\/product\/7482\/revisions"}],"predecessor-version":[{"id":7487,"href":"https:\/\/deccore.com.br\/loja\/wp-json\/wp\/v2\/product\/7482\/revisions\/7487"}],"wp:featuredmedia":[{"embeddable":true,"href":"https:\/\/deccore.com.br\/loja\/wp-json\/wp\/v2\/media\/7483"}],"wp:attachment":[{"href":"https:\/\/deccore.com.br\/loja\/wp-json\/wp\/v2\/media?parent=7482"}],"wp:term":[{"taxonomy":"product_brand","embeddable":true,"href":"https:\/\/deccore.com.br\/loja\/wp-json\/wp\/v2\/product_brand?post=7482"},{"taxonomy":"product_cat","embeddable":true,"href":"https:\/\/deccore.com.br\/loja\/wp-json\/wp\/v2\/product_cat?post=7482"},{"taxonomy":"product_tag","embeddable":true,"href":"https:\/\/deccore.com.br\/loja\/wp-json\/wp\/v2\/product_tag?post=7482"}],"curies":[{"name":"wp","href":"https:\/\/api.w.org\/{rel}","templated":true}]}}