{"id":7863,"date":"2022-02-01T16:33:56","date_gmt":"2022-02-01T16:33:56","guid":{"rendered":"https:\/\/deccore.com.br\/loja\/?post_type=product&#038;p=7863"},"modified":"2024-10-22T14:41:55","modified_gmt":"2024-10-22T14:41:55","slug":"sofa-marello","status":"publish","type":"product","link":"https:\/\/deccore.com.br\/loja\/product\/sofa-marello\/","title":{"rendered":"SOF\u00c1 MARELLO &#8211; SOB. ENCOMENDA"},"content":{"rendered":"","protected":false},"excerpt":{"rendered":"<h4>Marello<\/h4>\n<h5>por Daniela Ziegler<\/h5>\n<p>&nbsp;<\/p>\n<p>Com um design minimalista, a linha Marello combina tradi\u00e7\u00e3o, eleg\u00e2ncia e conforto em um \u00fanico estofado. O requadro todo em madeira, bem como no detalhe que prende a almofada do encosto, diferencia a pe\u00e7a de maneira elegante e atemporal.<\/p>\n<p>Assento fixo com mola ensacada, espuma D 26 Soft e fibra manta.<br \/>\nEncosto fixo e almofadas soltas em fibra siliconada e fibra manta.<br \/>\nAlmofada lombar em fibra pluma.<br \/>\nRequadro em madeira.<\/p>\n","protected":false},"featured_media":7936,"template":"","meta":[],"product_brand":[],"product_cat":[85,65],"product_tag":[],"class_list":{"0":"post-7863","1":"product","2":"type-product","3":"status-publish","4":"has-post-thumbnail","6":"product_cat-estofados","7":"product_cat-sofas-2","9":"first","10":"onbackorder","11":"shipping-taxable","12":"product-type-simple"},"_links":{"self":[{"href":"https:\/\/deccore.com.br\/loja\/wp-json\/wp\/v2\/product\/7863","targetHints":{"allow":["GET"]}}],"collection":[{"href":"https:\/\/deccore.com.br\/loja\/wp-json\/wp\/v2\/product"}],"about":[{"href":"https:\/\/deccore.com.br\/loja\/wp-json\/wp\/v2\/types\/product"}],"version-history":[{"count":3,"href":"https:\/\/deccore.com.br\/loja\/wp-json\/wp\/v2\/product\/7863\/revisions"}],"predecessor-version":[{"id":15674,"href":"https:\/\/deccore.com.br\/loja\/wp-json\/wp\/v2\/product\/7863\/revisions\/15674"}],"wp:featuredmedia":[{"embeddable":true,"href":"https:\/\/deccore.com.br\/loja\/wp-json\/wp\/v2\/media\/7936"}],"wp:attachment":[{"href":"https:\/\/deccore.com.br\/loja\/wp-json\/wp\/v2\/media?parent=7863"}],"wp:term":[{"taxonomy":"product_brand","embeddable":true,"href":"https:\/\/deccore.com.br\/loja\/wp-json\/wp\/v2\/product_brand?post=7863"},{"taxonomy":"product_cat","embeddable":true,"href":"https:\/\/deccore.com.br\/loja\/wp-json\/wp\/v2\/product_cat?post=7863"},{"taxonomy":"product_tag","embeddable":true,"href":"https:\/\/deccore.com.br\/loja\/wp-json\/wp\/v2\/product_tag?post=7863"}],"curies":[{"name":"wp","href":"https:\/\/api.w.org\/{rel}","templated":true}]}}