{"id":8049,"date":"2022-03-02T16:38:55","date_gmt":"2022-03-02T16:38:55","guid":{"rendered":"https:\/\/deccore.com.br\/loja\/?post_type=product&#038;p=8049"},"modified":"2022-12-21T13:51:01","modified_gmt":"2022-12-21T13:51:01","slug":"aparador-pencil-dk","status":"publish","type":"product","link":"https:\/\/deccore.com.br\/loja\/product\/aparador-pencil-dk\/","title":{"rendered":"APARADOR PENCIL &#8211; DK &#8211; ENCOMENDA"},"content":{"rendered":"<div class=\"gdlr-core-pbf-element\">\n<div class=\"gdlr-core-title-item gdlr-core-item-pdb clearfix gdlr-core-left-align gdlr-core-title-item-caption-top gdlr-core-item-pdlr\">\n<div class=\"gdlr-core-title-item-title-wrap \">\n<h4 class=\"gdlr-core-title-item-title gdlr-core-skin-title \">Aparador Pencil<\/h4>\n<\/div>\n<\/div>\n<\/div>\n<div class=\"gdlr-core-pbf-element\">\n<div class=\"gdlr-core-text-box-item gdlr-core-item-pdlr gdlr-core-item-pdb gdlr-core-left-align\">\n<div class=\"gdlr-core-text-box-item-content\">\n<p class=\"p1\">L1,80 X P0,51 X A0,75<\/p>\n<p class=\"p1\">L2,20 X P0,51 X A0,75<\/p>\n<p class=\"p1\">L2,60 X P0,51 X A0,75<\/p>\n<p class=\"p1\">Aceita medida especial, sob consulta. Nocce \u00e9 l\u00e2mina nogueira natural.<\/p>\n<p class=\"p1\">Tampo com op\u00e7\u00f5es nas cores: Ebanizado, Nogueira, Nud, Natural, Ivory e Nocce. Op\u00e7\u00f5es em Laca Fosca:- Bronze, Caf\u00e9, Cinza 41, Chumbo, Ouro.<\/p>\n<p class=\"p1\">Estrutura dos p\u00e9s em madeira Jequitib\u00e1 ou Tauari com op\u00e7\u00f5es nas cores: Ebanizado, Nogueira, Nud e Natural.<span class=\"Apple-converted-space\">\u00a0\u00a0<\/span>\/\/ N\u00e3o pode ser produzido em laca e Ivory.<\/p>\n<p class=\"p1\">Cord\u00e3o feito de fibras naturais, nas cores: Natural e Nogueira.<\/p>\n<p class=\"p1\">Corda n\u00e1utica 4mm na cor:- Preto<\/p>\n<\/div>\n<\/div>\n<\/div>\n","protected":false},"excerpt":{"rendered":"<p>Designer Ibanez Razzera<\/p>\n<p>OP\u00c7\u00d5ES DE MEDIDAS:<\/p>\n<p>L 2,60m X A 0,75m X P 0,51m<\/p>\n<p>L 2,20m X A 0,75m X P 0,51m<\/p>\n<p>L 1,80m X A 0,75m X P 0,51m<\/p>\n","protected":false},"featured_media":8050,"template":"","meta":[],"product_brand":[],"product_cat":[68,108],"product_tag":[],"class_list":{"0":"post-8049","1":"product","2":"type-product","3":"status-publish","4":"has-post-thumbnail","6":"product_cat-aparador","7":"product_cat-novidade","9":"first","10":"instock","11":"shipping-taxable","12":"product-type-simple"},"_links":{"self":[{"href":"https:\/\/deccore.com.br\/loja\/wp-json\/wp\/v2\/product\/8049","targetHints":{"allow":["GET"]}}],"collection":[{"href":"https:\/\/deccore.com.br\/loja\/wp-json\/wp\/v2\/product"}],"about":[{"href":"https:\/\/deccore.com.br\/loja\/wp-json\/wp\/v2\/types\/product"}],"version-history":[{"count":3,"href":"https:\/\/deccore.com.br\/loja\/wp-json\/wp\/v2\/product\/8049\/revisions"}],"predecessor-version":[{"id":10841,"href":"https:\/\/deccore.com.br\/loja\/wp-json\/wp\/v2\/product\/8049\/revisions\/10841"}],"wp:featuredmedia":[{"embeddable":true,"href":"https:\/\/deccore.com.br\/loja\/wp-json\/wp\/v2\/media\/8050"}],"wp:attachment":[{"href":"https:\/\/deccore.com.br\/loja\/wp-json\/wp\/v2\/media?parent=8049"}],"wp:term":[{"taxonomy":"product_brand","embeddable":true,"href":"https:\/\/deccore.com.br\/loja\/wp-json\/wp\/v2\/product_brand?post=8049"},{"taxonomy":"product_cat","embeddable":true,"href":"https:\/\/deccore.com.br\/loja\/wp-json\/wp\/v2\/product_cat?post=8049"},{"taxonomy":"product_tag","embeddable":true,"href":"https:\/\/deccore.com.br\/loja\/wp-json\/wp\/v2\/product_tag?post=8049"}],"curies":[{"name":"wp","href":"https:\/\/api.w.org\/{rel}","templated":true}]}}