{"id":8058,"date":"2022-03-02T17:22:19","date_gmt":"2022-03-02T17:22:19","guid":{"rendered":"https:\/\/deccore.com.br\/loja\/?post_type=product&#038;p=8058"},"modified":"2022-03-02T17:53:35","modified_gmt":"2022-03-02T17:53:35","slug":"aparador-screen-dk","status":"publish","type":"product","link":"https:\/\/deccore.com.br\/loja\/product\/aparador-screen-dk\/","title":{"rendered":"APARADOR SCREEN DK"},"content":{"rendered":"","protected":false},"excerpt":{"rendered":"<p>Designer Mauricio Bomfim<\/p>\n<p>L 2,00m X A 0,80m X P 0,50m<\/p>\n<p>Tampo com vidro Incolor 6mm. Estrutura em madeira Jequitib\u00e1 com op\u00e7\u00f5es nas cores: Ebanizado, Nogueira, Nud e Tabaco. A estrutura n\u00e3o pode ser produzida em Laca.<br \/>\nDetalhe em A\u00e7o Carbono, podendo ser nas cores: Dourado, Cromo Negro, Laca Brilho: Areia, Branco e Preto \u2013 Laca Fosca: Bronze, Caf\u00e9, Cinza 40, Cinza 41, Chumbo, Ouro.<br \/>\nPalha Sextavada e Corda nas cores Natural e Nogueira.<\/p>\n","protected":false},"featured_media":8064,"template":"","meta":[],"product_brand":[],"product_cat":[68,108],"product_tag":[],"class_list":{"0":"post-8058","1":"product","2":"type-product","3":"status-publish","4":"has-post-thumbnail","6":"product_cat-aparador","7":"product_cat-novidade","9":"first","10":"instock","11":"shipping-taxable","12":"product-type-simple"},"_links":{"self":[{"href":"https:\/\/deccore.com.br\/loja\/wp-json\/wp\/v2\/product\/8058","targetHints":{"allow":["GET"]}}],"collection":[{"href":"https:\/\/deccore.com.br\/loja\/wp-json\/wp\/v2\/product"}],"about":[{"href":"https:\/\/deccore.com.br\/loja\/wp-json\/wp\/v2\/types\/product"}],"version-history":[{"count":1,"href":"https:\/\/deccore.com.br\/loja\/wp-json\/wp\/v2\/product\/8058\/revisions"}],"predecessor-version":[{"id":8068,"href":"https:\/\/deccore.com.br\/loja\/wp-json\/wp\/v2\/product\/8058\/revisions\/8068"}],"wp:featuredmedia":[{"embeddable":true,"href":"https:\/\/deccore.com.br\/loja\/wp-json\/wp\/v2\/media\/8064"}],"wp:attachment":[{"href":"https:\/\/deccore.com.br\/loja\/wp-json\/wp\/v2\/media?parent=8058"}],"wp:term":[{"taxonomy":"product_brand","embeddable":true,"href":"https:\/\/deccore.com.br\/loja\/wp-json\/wp\/v2\/product_brand?post=8058"},{"taxonomy":"product_cat","embeddable":true,"href":"https:\/\/deccore.com.br\/loja\/wp-json\/wp\/v2\/product_cat?post=8058"},{"taxonomy":"product_tag","embeddable":true,"href":"https:\/\/deccore.com.br\/loja\/wp-json\/wp\/v2\/product_tag?post=8058"}],"curies":[{"name":"wp","href":"https:\/\/api.w.org\/{rel}","templated":true}]}}