{"id":8165,"date":"2022-03-25T20:49:04","date_gmt":"2022-03-25T20:49:04","guid":{"rendered":"https:\/\/deccore.com.br\/loja\/?post_type=product&#038;p=8165"},"modified":"2024-10-22T19:12:41","modified_gmt":"2024-10-22T19:12:41","slug":"cadeira-africa-com-bracos-encomenda","status":"publish","type":"product","link":"https:\/\/deccore.com.br\/loja\/product\/cadeira-africa-com-bracos-encomenda\/","title":{"rendered":"CADEIRA \u00c1FRICA COM BRA\u00c7OS &#8211; ENCOMENDA"},"content":{"rendered":"","protected":false},"excerpt":{"rendered":"<div>\n<h4 class=\"elementor-author-box__name\">Pedro Mendes<\/h4>\n<\/div>\n<div class=\"elementor-author-box__bio\">Natural de S\u00e3o Jos\u00e9 do Rio Preto (SP), conheceu desde cedo os processos do setor moveleiro, mas foi na capital paulista que se formou em design e em administra\u00e7\u00e3o de empresas. Suas pe\u00e7as s\u00e3o sofisticadas, com formas limpas e diversos materiais, em especial a madeira, e j\u00e1 conquistaram diversos pa\u00edses na Am\u00e9rica, Europa e \u00c1frica.<\/div>\n","protected":false},"featured_media":8166,"template":"","meta":[],"product_brand":[],"product_cat":[101,62,108],"product_tag":[],"class_list":{"0":"post-8165","1":"product","2":"type-product","3":"status-publish","4":"has-post-thumbnail","6":"product_cat-cadeira","7":"product_cat-cadeiras","8":"product_cat-novidade","10":"first","11":"onbackorder","12":"shipping-taxable","13":"product-type-simple"},"_links":{"self":[{"href":"https:\/\/deccore.com.br\/loja\/wp-json\/wp\/v2\/product\/8165","targetHints":{"allow":["GET"]}}],"collection":[{"href":"https:\/\/deccore.com.br\/loja\/wp-json\/wp\/v2\/product"}],"about":[{"href":"https:\/\/deccore.com.br\/loja\/wp-json\/wp\/v2\/types\/product"}],"version-history":[{"count":3,"href":"https:\/\/deccore.com.br\/loja\/wp-json\/wp\/v2\/product\/8165\/revisions"}],"predecessor-version":[{"id":8507,"href":"https:\/\/deccore.com.br\/loja\/wp-json\/wp\/v2\/product\/8165\/revisions\/8507"}],"wp:featuredmedia":[{"embeddable":true,"href":"https:\/\/deccore.com.br\/loja\/wp-json\/wp\/v2\/media\/8166"}],"wp:attachment":[{"href":"https:\/\/deccore.com.br\/loja\/wp-json\/wp\/v2\/media?parent=8165"}],"wp:term":[{"taxonomy":"product_brand","embeddable":true,"href":"https:\/\/deccore.com.br\/loja\/wp-json\/wp\/v2\/product_brand?post=8165"},{"taxonomy":"product_cat","embeddable":true,"href":"https:\/\/deccore.com.br\/loja\/wp-json\/wp\/v2\/product_cat?post=8165"},{"taxonomy":"product_tag","embeddable":true,"href":"https:\/\/deccore.com.br\/loja\/wp-json\/wp\/v2\/product_tag?post=8165"}],"curies":[{"name":"wp","href":"https:\/\/api.w.org\/{rel}","templated":true}]}}