{"id":8245,"date":"2022-04-01T13:28:05","date_gmt":"2022-04-01T13:28:05","guid":{"rendered":"https:\/\/deccore.com.br\/loja\/?post_type=product&#038;p=8245"},"modified":"2024-10-22T18:49:15","modified_gmt":"2024-10-22T18:49:15","slug":"poltrona-kira-peca-unica-com-30-de-desconto-a-vista","status":"publish","type":"product","link":"https:\/\/deccore.com.br\/loja\/product\/poltrona-kira-peca-unica-com-30-de-desconto-a-vista\/","title":{"rendered":"POLTRONA KIRA RUBI C\u00d3DIGO: 22316 &#8211; ENCOMENDA &#8211;"},"content":{"rendered":"<div style=\"width: 600px;\" class=\"wp-video\"><video class=\"wp-video-shortcode\" id=\"video-8245-1\" width=\"600\" height=\"375\" preload=\"metadata\" controls=\"controls\"><source type=\"video\/mp4\" src=\"https:\/\/deccore.com.br\/loja\/wp-content\/uploads\/2022\/04\/video-5-1.mp4?_=1\" \/><a href=\"https:\/\/deccore.com.br\/loja\/wp-content\/uploads\/2022\/04\/video-5-1.mp4\">https:\/\/deccore.com.br\/loja\/wp-content\/uploads\/2022\/04\/video-5-1.mp4<\/a><\/video><\/div>\n","protected":false},"excerpt":{"rendered":"<h4 class=\"tituloItemInformacaoComplementar\">Descri\u00e7\u00e3o do Produto<\/h4>\n<div id=\"textoDescricaoProdutoCkeditor\" class=\"codigoConteudoItemInformacaoComplementar textoDescricaoProdutoCkeditor\">\n<p><strong>Poltrona Reclin\u00e1vel Kira &#8211; Couro Rubi<\/strong><\/p>\n<p>Poltrona reclin\u00e1vel, girat\u00f3ria com fun\u00e7\u00e3o de giro inteligente, acompanha banqueta, base em metal.<\/p>\n<p><em>Medidas (LxPxA): 75x65x108<br \/>\nPoltrona reclinada: 1.20<\/em><\/p>\n<\/div>\n","protected":false},"featured_media":8247,"template":"","meta":[],"product_brand":[],"product_cat":[116],"product_tag":[],"class_list":{"0":"post-8245","1":"product","2":"type-product","3":"status-publish","4":"has-post-thumbnail","6":"product_cat-poltronas-automatizadas-e-manuais","8":"first","9":"onbackorder","10":"shipping-taxable","11":"product-type-simple"},"_links":{"self":[{"href":"https:\/\/deccore.com.br\/loja\/wp-json\/wp\/v2\/product\/8245","targetHints":{"allow":["GET"]}}],"collection":[{"href":"https:\/\/deccore.com.br\/loja\/wp-json\/wp\/v2\/product"}],"about":[{"href":"https:\/\/deccore.com.br\/loja\/wp-json\/wp\/v2\/types\/product"}],"version-history":[{"count":17,"href":"https:\/\/deccore.com.br\/loja\/wp-json\/wp\/v2\/product\/8245\/revisions"}],"predecessor-version":[{"id":14688,"href":"https:\/\/deccore.com.br\/loja\/wp-json\/wp\/v2\/product\/8245\/revisions\/14688"}],"wp:featuredmedia":[{"embeddable":true,"href":"https:\/\/deccore.com.br\/loja\/wp-json\/wp\/v2\/media\/8247"}],"wp:attachment":[{"href":"https:\/\/deccore.com.br\/loja\/wp-json\/wp\/v2\/media?parent=8245"}],"wp:term":[{"taxonomy":"product_brand","embeddable":true,"href":"https:\/\/deccore.com.br\/loja\/wp-json\/wp\/v2\/product_brand?post=8245"},{"taxonomy":"product_cat","embeddable":true,"href":"https:\/\/deccore.com.br\/loja\/wp-json\/wp\/v2\/product_cat?post=8245"},{"taxonomy":"product_tag","embeddable":true,"href":"https:\/\/deccore.com.br\/loja\/wp-json\/wp\/v2\/product_tag?post=8245"}],"curies":[{"name":"wp","href":"https:\/\/api.w.org\/{rel}","templated":true}]}}