{"id":8294,"date":"2022-04-08T17:15:01","date_gmt":"2022-04-08T17:15:01","guid":{"rendered":"https:\/\/deccore.com.br\/loja\/?post_type=product&#038;p=8294"},"modified":"2022-04-20T16:57:34","modified_gmt":"2022-04-20T16:57:34","slug":"cadeira-aflodite-novidade-na-deccore-home","status":"publish","type":"product","link":"https:\/\/deccore.com.br\/loja\/product\/cadeira-aflodite-novidade-na-deccore-home\/","title":{"rendered":"CADEIRA AFRODITE &#8211; NOVIDADE NA DECCORE HOME"},"content":{"rendered":"","protected":false},"excerpt":{"rendered":"<p>A Cadeira Afrodite \u00e9 um produto sofisticado e delicado, deixando seu ambiente muito mais moderno.<\/p>\n<p><strong>ESTRUTURA<\/strong><br \/>\nConta com estrutura feita em madeira,\u00a0finalizada com o estofamento.<br \/>\nOs p\u00e9s s\u00e3o confeccionados em a\u00e7o carbono ou a\u00e7o inox.<br \/>\n<strong><br \/>\nACABAMENTOS<\/strong><br \/>\nTecidos: A escolha pode ser feita na cartela de tecidos abaixo ou o tecido poder\u00e1 ser fornecido.<br \/>\nMetal: A\u00e7o Inox ou A\u00e7o Carbono dispon\u00edvel nos acabamentos abaixo.<\/p>\n<p><strong>MEDIDAS<br \/>\n<\/strong>L: 0,54 x A: 0,82 x P: 0,57<br \/>\nAltura Assento: 0,46cm<br \/>\nProfundidade Interna: 44cm<\/p>\n<p>A Cadeira pode ser fabricada em couro Natural com pre\u00e7o sob consutal!<\/p>\n","protected":false},"featured_media":8295,"template":"","meta":[],"product_brand":[],"product_cat":[101,62,108],"product_tag":[],"class_list":{"0":"post-8294","1":"product","2":"type-product","3":"status-publish","4":"has-post-thumbnail","6":"product_cat-cadeira","7":"product_cat-cadeiras","8":"product_cat-novidade","10":"first","11":"instock","12":"shipping-taxable","13":"product-type-simple"},"_links":{"self":[{"href":"https:\/\/deccore.com.br\/loja\/wp-json\/wp\/v2\/product\/8294","targetHints":{"allow":["GET"]}}],"collection":[{"href":"https:\/\/deccore.com.br\/loja\/wp-json\/wp\/v2\/product"}],"about":[{"href":"https:\/\/deccore.com.br\/loja\/wp-json\/wp\/v2\/types\/product"}],"version-history":[{"count":4,"href":"https:\/\/deccore.com.br\/loja\/wp-json\/wp\/v2\/product\/8294\/revisions"}],"predecessor-version":[{"id":8460,"href":"https:\/\/deccore.com.br\/loja\/wp-json\/wp\/v2\/product\/8294\/revisions\/8460"}],"wp:featuredmedia":[{"embeddable":true,"href":"https:\/\/deccore.com.br\/loja\/wp-json\/wp\/v2\/media\/8295"}],"wp:attachment":[{"href":"https:\/\/deccore.com.br\/loja\/wp-json\/wp\/v2\/media?parent=8294"}],"wp:term":[{"taxonomy":"product_brand","embeddable":true,"href":"https:\/\/deccore.com.br\/loja\/wp-json\/wp\/v2\/product_brand?post=8294"},{"taxonomy":"product_cat","embeddable":true,"href":"https:\/\/deccore.com.br\/loja\/wp-json\/wp\/v2\/product_cat?post=8294"},{"taxonomy":"product_tag","embeddable":true,"href":"https:\/\/deccore.com.br\/loja\/wp-json\/wp\/v2\/product_tag?post=8294"}],"curies":[{"name":"wp","href":"https:\/\/api.w.org\/{rel}","templated":true}]}}