{"id":8335,"date":"2022-04-12T13:28:58","date_gmt":"2022-04-12T13:28:58","guid":{"rendered":"https:\/\/deccore.com.br\/loja\/?post_type=product&#038;p=8335"},"modified":"2022-04-12T13:28:58","modified_gmt":"2022-04-12T13:28:58","slug":"dirce-hassunuma-designer-de-produtos","status":"publish","type":"product","link":"https:\/\/deccore.com.br\/loja\/product\/dirce-hassunuma-designer-de-produtos\/","title":{"rendered":"DIRCE HASSUNUMA &#8211; DESIGNER DE PRODUTOS"},"content":{"rendered":"","protected":false},"excerpt":{"rendered":"<p>Em cada pe\u00e7a por ela criada \u00e9 poss\u00edvel identificar caracter\u00edsticas \u00edmpares, como refinamento e um primoroso senso de arte, e ainda a jun\u00e7\u00e3o de delicadeza e intensidade. Paranaense, a designer de produtos recebeu valores humanos de sua fam\u00edlia, os quais passou a desenvolver meticulosamente em cada passo dado junto da cadeia produtiva moveleira. Dirce Ayaco Hassunuma, cursou Decora\u00e7\u00e3o no Centro Federal de Educa\u00e7\u00e3o Tecnol\u00f3gica do Paran\u00e1, e Desenho Industrial na PUC-PR no in\u00edcio de sua carreira. Seu talento e habilidades contribuem para a hist\u00f3ria do design nacional, atuando com m\u00faltiplas possibilidades, unindo ideias, mat\u00e9rias-primas de qualidade e sensa\u00e7\u00f5es, que resultam em um design emocional, funcional e de est\u00e9tica impec\u00e1vel. Conhe\u00e7a nesta edi\u00e7\u00e3o da Revista Use Design, um pouco mais sobre a vida da consagrada profissional d\u00e9cor, Dirce Ayaco e sobre seu amor pelo design.<\/p>\n","protected":false},"featured_media":8336,"template":"","meta":[],"product_brand":[],"product_cat":[15],"product_tag":[],"class_list":{"0":"post-8335","1":"product","2":"type-product","3":"status-publish","4":"has-post-thumbnail","6":"product_cat-uncategorized","8":"first","9":"instock","10":"shipping-taxable","11":"product-type-simple"},"_links":{"self":[{"href":"https:\/\/deccore.com.br\/loja\/wp-json\/wp\/v2\/product\/8335","targetHints":{"allow":["GET"]}}],"collection":[{"href":"https:\/\/deccore.com.br\/loja\/wp-json\/wp\/v2\/product"}],"about":[{"href":"https:\/\/deccore.com.br\/loja\/wp-json\/wp\/v2\/types\/product"}],"version-history":[{"count":1,"href":"https:\/\/deccore.com.br\/loja\/wp-json\/wp\/v2\/product\/8335\/revisions"}],"predecessor-version":[{"id":8337,"href":"https:\/\/deccore.com.br\/loja\/wp-json\/wp\/v2\/product\/8335\/revisions\/8337"}],"wp:featuredmedia":[{"embeddable":true,"href":"https:\/\/deccore.com.br\/loja\/wp-json\/wp\/v2\/media\/8336"}],"wp:attachment":[{"href":"https:\/\/deccore.com.br\/loja\/wp-json\/wp\/v2\/media?parent=8335"}],"wp:term":[{"taxonomy":"product_brand","embeddable":true,"href":"https:\/\/deccore.com.br\/loja\/wp-json\/wp\/v2\/product_brand?post=8335"},{"taxonomy":"product_cat","embeddable":true,"href":"https:\/\/deccore.com.br\/loja\/wp-json\/wp\/v2\/product_cat?post=8335"},{"taxonomy":"product_tag","embeddable":true,"href":"https:\/\/deccore.com.br\/loja\/wp-json\/wp\/v2\/product_tag?post=8335"}],"curies":[{"name":"wp","href":"https:\/\/api.w.org\/{rel}","templated":true}]}}