{"id":8350,"date":"2022-04-12T17:25:10","date_gmt":"2022-04-12T17:25:10","guid":{"rendered":"https:\/\/deccore.com.br\/loja\/?post_type=product&#038;p=8350"},"modified":"2024-09-04T14:29:59","modified_gmt":"2024-09-04T14:29:59","slug":"sofa-collet-100-couro-natural","status":"publish","type":"product","link":"https:\/\/deccore.com.br\/loja\/product\/sofa-collet-100-couro-natural\/","title":{"rendered":"SOF\u00c1 COLLET MEDIDA 3.00 &#8211; 23014 &#8211; 100% COURO NATURAL &#8211; AUTOM\u00c1TICO &#8211; PRONTA ENTREGA &#8211;"},"content":{"rendered":"<p>Sof\u00e1 em couro, com base em madeira maci\u00e7a e sistema autom\u00e1tico.<\/p>\n<p>\u25c7Automatizado tendo assento e encosto reclin\u00e1veis, pode ser ajustado conforme voc\u00ea desejar.<br \/>\n\u25c7Espumas com densidade controlada para melhor conforto e ergon\u00f4mia e p\u00e9s em madeira.<br \/>\n\u25c7Op\u00e7\u00f5es de cores para o couro.<\/p>\n","protected":false},"excerpt":{"rendered":"<p>EL\u00c9TRICO.<\/p>\n","protected":false},"featured_media":12325,"template":"","meta":[],"product_brand":[],"product_cat":[166,85,108,65],"product_tag":[],"class_list":{"0":"post-8350","1":"product","2":"type-product","3":"status-publish","4":"has-post-thumbnail","6":"product_cat-dia-das-maes","7":"product_cat-estofados","8":"product_cat-novidade","9":"product_cat-sofas-2","11":"first","12":"instock","13":"shipping-taxable","14":"product-type-simple"},"_links":{"self":[{"href":"https:\/\/deccore.com.br\/loja\/wp-json\/wp\/v2\/product\/8350","targetHints":{"allow":["GET"]}}],"collection":[{"href":"https:\/\/deccore.com.br\/loja\/wp-json\/wp\/v2\/product"}],"about":[{"href":"https:\/\/deccore.com.br\/loja\/wp-json\/wp\/v2\/types\/product"}],"version-history":[{"count":12,"href":"https:\/\/deccore.com.br\/loja\/wp-json\/wp\/v2\/product\/8350\/revisions"}],"predecessor-version":[{"id":14643,"href":"https:\/\/deccore.com.br\/loja\/wp-json\/wp\/v2\/product\/8350\/revisions\/14643"}],"wp:featuredmedia":[{"embeddable":true,"href":"https:\/\/deccore.com.br\/loja\/wp-json\/wp\/v2\/media\/12325"}],"wp:attachment":[{"href":"https:\/\/deccore.com.br\/loja\/wp-json\/wp\/v2\/media?parent=8350"}],"wp:term":[{"taxonomy":"product_brand","embeddable":true,"href":"https:\/\/deccore.com.br\/loja\/wp-json\/wp\/v2\/product_brand?post=8350"},{"taxonomy":"product_cat","embeddable":true,"href":"https:\/\/deccore.com.br\/loja\/wp-json\/wp\/v2\/product_cat?post=8350"},{"taxonomy":"product_tag","embeddable":true,"href":"https:\/\/deccore.com.br\/loja\/wp-json\/wp\/v2\/product_tag?post=8350"}],"curies":[{"name":"wp","href":"https:\/\/api.w.org\/{rel}","templated":true}]}}