{"id":8407,"date":"2022-04-18T14:11:42","date_gmt":"2022-04-18T14:11:42","guid":{"rendered":"https:\/\/deccore.com.br\/loja\/?post_type=product&#038;p=8407"},"modified":"2026-03-24T14:24:01","modified_gmt":"2026-03-24T14:24:01","slug":"sofa-avan-100-couro-natural-a-pronta-entrega","status":"publish","type":"product","link":"https:\/\/deccore.com.br\/loja\/product\/sofa-avan-100-couro-natural-a-pronta-entrega\/","title":{"rendered":"SOF\u00c1 AVAN &#8211; 100% COURO NATURAL GRIGIO  . &#8211; 22948 &#8211; MEDIDAS 2.42 &#8211;  ENCOMENDA"},"content":{"rendered":"","protected":false},"excerpt":{"rendered":"<p>&nbsp;<\/p>\n<p>CORES AVEL\u00c3 E AMARULA. TR\u00caS MEDIDAS. 2.44<\/p>\n<p>Usamos o que h\u00e1 de mais moderno em termos de produ\u00e7\u00e3o de espuma: espumas HCR, cujas c\u00e9lulas el\u00e1sticas e totalmente fechadas complementam melhor dissipa\u00e7\u00e3o de energia, conferindo conforto inigual\u00e1vel ao sentar.<\/p>\n<p>Exclusivo sistema de aplica\u00e7\u00e3o de molas e dissipadores de energia, que garante maior conforto e durabilidade aos produtos.<\/p>\n","protected":false},"featured_media":8408,"template":"","meta":[],"product_brand":[],"product_cat":[85,65],"product_tag":[],"class_list":{"0":"post-8407","1":"product","2":"type-product","3":"status-publish","4":"has-post-thumbnail","6":"product_cat-estofados","7":"product_cat-sofas-2","9":"first","10":"onbackorder","11":"shipping-taxable","12":"product-type-simple"},"_links":{"self":[{"href":"https:\/\/deccore.com.br\/loja\/wp-json\/wp\/v2\/product\/8407","targetHints":{"allow":["GET"]}}],"collection":[{"href":"https:\/\/deccore.com.br\/loja\/wp-json\/wp\/v2\/product"}],"about":[{"href":"https:\/\/deccore.com.br\/loja\/wp-json\/wp\/v2\/types\/product"}],"version-history":[{"count":12,"href":"https:\/\/deccore.com.br\/loja\/wp-json\/wp\/v2\/product\/8407\/revisions"}],"predecessor-version":[{"id":16439,"href":"https:\/\/deccore.com.br\/loja\/wp-json\/wp\/v2\/product\/8407\/revisions\/16439"}],"wp:featuredmedia":[{"embeddable":true,"href":"https:\/\/deccore.com.br\/loja\/wp-json\/wp\/v2\/media\/8408"}],"wp:attachment":[{"href":"https:\/\/deccore.com.br\/loja\/wp-json\/wp\/v2\/media?parent=8407"}],"wp:term":[{"taxonomy":"product_brand","embeddable":true,"href":"https:\/\/deccore.com.br\/loja\/wp-json\/wp\/v2\/product_brand?post=8407"},{"taxonomy":"product_cat","embeddable":true,"href":"https:\/\/deccore.com.br\/loja\/wp-json\/wp\/v2\/product_cat?post=8407"},{"taxonomy":"product_tag","embeddable":true,"href":"https:\/\/deccore.com.br\/loja\/wp-json\/wp\/v2\/product_tag?post=8407"}],"curies":[{"name":"wp","href":"https:\/\/api.w.org\/{rel}","templated":true}]}}