{"id":8442,"date":"2022-04-19T17:47:02","date_gmt":"2022-04-19T17:47:02","guid":{"rendered":"https:\/\/deccore.com.br\/loja\/?post_type=product&#038;p=8442"},"modified":"2024-11-13T15:23:16","modified_gmt":"2024-11-13T15:23:16","slug":"oleo-sobre-tela-cacadores-artista-mario-wu-king","status":"publish","type":"product","link":"https:\/\/deccore.com.br\/loja\/product\/oleo-sobre-tela-cacadores-artista-mario-wu-king\/","title":{"rendered":"\u00d3LEO SOBRE TELA &#8211; CA\u00c7ADORES &#8211; ARTISTA: M\u00c1RIO WU KING"},"content":{"rendered":"","protected":false},"excerpt":{"rendered":"<p>3223 &#8211; Ca\u00e7adores Wu tela 60&#215;50-Moldura 79&#215;69<\/p>\n","protected":false},"featured_media":8445,"template":"","meta":[],"product_brand":[],"product_cat":[15,93,82,92],"product_tag":[],"class_list":{"0":"post-8442","1":"product","2":"type-product","3":"status-publish","4":"has-post-thumbnail","6":"product_cat-uncategorized","7":"product_cat-obras-de-arte","8":"product_cat-quadros","9":"product_cat-telas","11":"first","12":"instock","13":"shipping-taxable","14":"product-type-simple"},"_links":{"self":[{"href":"https:\/\/deccore.com.br\/loja\/wp-json\/wp\/v2\/product\/8442","targetHints":{"allow":["GET"]}}],"collection":[{"href":"https:\/\/deccore.com.br\/loja\/wp-json\/wp\/v2\/product"}],"about":[{"href":"https:\/\/deccore.com.br\/loja\/wp-json\/wp\/v2\/types\/product"}],"version-history":[{"count":3,"href":"https:\/\/deccore.com.br\/loja\/wp-json\/wp\/v2\/product\/8442\/revisions"}],"predecessor-version":[{"id":8514,"href":"https:\/\/deccore.com.br\/loja\/wp-json\/wp\/v2\/product\/8442\/revisions\/8514"}],"wp:featuredmedia":[{"embeddable":true,"href":"https:\/\/deccore.com.br\/loja\/wp-json\/wp\/v2\/media\/8445"}],"wp:attachment":[{"href":"https:\/\/deccore.com.br\/loja\/wp-json\/wp\/v2\/media?parent=8442"}],"wp:term":[{"taxonomy":"product_brand","embeddable":true,"href":"https:\/\/deccore.com.br\/loja\/wp-json\/wp\/v2\/product_brand?post=8442"},{"taxonomy":"product_cat","embeddable":true,"href":"https:\/\/deccore.com.br\/loja\/wp-json\/wp\/v2\/product_cat?post=8442"},{"taxonomy":"product_tag","embeddable":true,"href":"https:\/\/deccore.com.br\/loja\/wp-json\/wp\/v2\/product_tag?post=8442"}],"curies":[{"name":"wp","href":"https:\/\/api.w.org\/{rel}","templated":true}]}}