{"id":8456,"date":"2022-04-25T20:44:16","date_gmt":"2022-04-25T20:44:16","guid":{"rendered":"https:\/\/deccore.com.br\/loja\/?post_type=product&#038;p=8456"},"modified":"2024-11-13T15:18:48","modified_gmt":"2024-11-13T15:18:48","slug":"oleo-sobre-tela-a-arena-natureza-2","status":"publish","type":"product","link":"https:\/\/deccore.com.br\/loja\/product\/oleo-sobre-tela-a-arena-natureza-2\/","title":{"rendered":"\u00d3LEO SOBRE TELA &#8211; A.ARENA &#8211; NATUREZA"},"content":{"rendered":"","protected":false},"excerpt":{"rendered":"<p>5787 \u00d3leo s tela A.Arena &#8211; Natureza 0,40&#215;0,50 (0,62&#215;0,72)<\/p>\n<p>Antonio Arena Castellano Carpentieri (N\u00e1poles It\u00e1lia 1930 &#8211; S\u00e3o Paulo SP 1987). Pintor. Ingressa na Faculdade de Engenharia e Qu\u00edmica da Universidade de N\u00e1poles (It\u00e1lia). Estuda pintura com E. Briante, em Floren\u00e7a (It\u00e1lia), em 1948. Em 1952, transfere-se para o Brasil e estuda pintura com Angelo Cannone, no Rio de Janeiro. A convite de Ana Freud, pinta em 1977 um retrato de Sigmund Freud, que \u00e9 reproduzido sob a forma de selo comemorativo em 1981. Em 1976, \u00e9 nomeado Acad\u00eamico do Mar pela Academia Internacional de Ci\u00eancias e Artes do Mar, em Mil\u00e3o (It\u00e1lia). Em S\u00e3o Paulo, recebe o Diploma de Honra da Academia Paulista de Belas Artes, em 1980, e o Pr\u00eamio Pintor do Ano, conferido pela Assembl\u00e9ia Legislativa, em 1981.<\/p>\n","protected":false},"featured_media":8457,"template":"","meta":[],"product_brand":[],"product_cat":[15,93,59,82,92],"product_tag":[],"class_list":{"0":"post-8456","1":"product","2":"type-product","3":"status-publish","4":"has-post-thumbnail","6":"product_cat-uncategorized","7":"product_cat-obras-de-arte","8":"product_cat-outlet","9":"product_cat-quadros","10":"product_cat-telas","12":"first","13":"instock","14":"shipping-taxable","15":"product-type-simple"},"_links":{"self":[{"href":"https:\/\/deccore.com.br\/loja\/wp-json\/wp\/v2\/product\/8456","targetHints":{"allow":["GET"]}}],"collection":[{"href":"https:\/\/deccore.com.br\/loja\/wp-json\/wp\/v2\/product"}],"about":[{"href":"https:\/\/deccore.com.br\/loja\/wp-json\/wp\/v2\/types\/product"}],"version-history":[{"count":2,"href":"https:\/\/deccore.com.br\/loja\/wp-json\/wp\/v2\/product\/8456\/revisions"}],"predecessor-version":[{"id":8535,"href":"https:\/\/deccore.com.br\/loja\/wp-json\/wp\/v2\/product\/8456\/revisions\/8535"}],"wp:featuredmedia":[{"embeddable":true,"href":"https:\/\/deccore.com.br\/loja\/wp-json\/wp\/v2\/media\/8457"}],"wp:attachment":[{"href":"https:\/\/deccore.com.br\/loja\/wp-json\/wp\/v2\/media?parent=8456"}],"wp:term":[{"taxonomy":"product_brand","embeddable":true,"href":"https:\/\/deccore.com.br\/loja\/wp-json\/wp\/v2\/product_brand?post=8456"},{"taxonomy":"product_cat","embeddable":true,"href":"https:\/\/deccore.com.br\/loja\/wp-json\/wp\/v2\/product_cat?post=8456"},{"taxonomy":"product_tag","embeddable":true,"href":"https:\/\/deccore.com.br\/loja\/wp-json\/wp\/v2\/product_tag?post=8456"}],"curies":[{"name":"wp","href":"https:\/\/api.w.org\/{rel}","templated":true}]}}