{"id":8464,"date":"2022-04-22T13:57:41","date_gmt":"2022-04-22T13:57:41","guid":{"rendered":"https:\/\/deccore.com.br\/loja\/?post_type=product&#038;p=8464"},"modified":"2024-11-13T15:22:35","modified_gmt":"2024-11-13T15:22:35","slug":"oleo-sobre-tela-estacao-da-luz-sao-paulo","status":"publish","type":"product","link":"https:\/\/deccore.com.br\/loja\/product\/oleo-sobre-tela-estacao-da-luz-sao-paulo\/","title":{"rendered":"\u00d3LEO SOBRE TELA &#8211; ESTA\u00c7\u00c3O DA LUZ &#8211; S\u00c3O PAULO."},"content":{"rendered":"","protected":false},"excerpt":{"rendered":"<p>6904 &#8211; \u00d3leo sobre tela Esta\u00e7\u00e3o da Luz &#8211; S\u00e3o Paulo 450 anos 2004 &#8211; Wu King &#8211; 060&#215;050 -moldura 086&#215;076<\/p>\n","protected":false},"featured_media":8465,"template":"","meta":[],"product_brand":[],"product_cat":[15,93,92],"product_tag":[],"class_list":{"0":"post-8464","1":"product","2":"type-product","3":"status-publish","4":"has-post-thumbnail","6":"product_cat-uncategorized","7":"product_cat-obras-de-arte","8":"product_cat-telas","10":"first","11":"instock","12":"shipping-taxable","13":"product-type-simple"},"_links":{"self":[{"href":"https:\/\/deccore.com.br\/loja\/wp-json\/wp\/v2\/product\/8464","targetHints":{"allow":["GET"]}}],"collection":[{"href":"https:\/\/deccore.com.br\/loja\/wp-json\/wp\/v2\/product"}],"about":[{"href":"https:\/\/deccore.com.br\/loja\/wp-json\/wp\/v2\/types\/product"}],"version-history":[{"count":2,"href":"https:\/\/deccore.com.br\/loja\/wp-json\/wp\/v2\/product\/8464\/revisions"}],"predecessor-version":[{"id":8467,"href":"https:\/\/deccore.com.br\/loja\/wp-json\/wp\/v2\/product\/8464\/revisions\/8467"}],"wp:featuredmedia":[{"embeddable":true,"href":"https:\/\/deccore.com.br\/loja\/wp-json\/wp\/v2\/media\/8465"}],"wp:attachment":[{"href":"https:\/\/deccore.com.br\/loja\/wp-json\/wp\/v2\/media?parent=8464"}],"wp:term":[{"taxonomy":"product_brand","embeddable":true,"href":"https:\/\/deccore.com.br\/loja\/wp-json\/wp\/v2\/product_brand?post=8464"},{"taxonomy":"product_cat","embeddable":true,"href":"https:\/\/deccore.com.br\/loja\/wp-json\/wp\/v2\/product_cat?post=8464"},{"taxonomy":"product_tag","embeddable":true,"href":"https:\/\/deccore.com.br\/loja\/wp-json\/wp\/v2\/product_tag?post=8464"}],"curies":[{"name":"wp","href":"https:\/\/api.w.org\/{rel}","templated":true}]}}