{"id":8527,"date":"2022-04-25T17:11:42","date_gmt":"2022-04-25T17:11:42","guid":{"rendered":"https:\/\/deccore.com.br\/loja\/?post_type=product&#038;p=8527"},"modified":"2022-04-25T17:11:42","modified_gmt":"2022-04-25T17:11:42","slug":"obra-oleo-sobre-tela-jardim-das-sensacoes","status":"publish","type":"product","link":"https:\/\/deccore.com.br\/loja\/product\/obra-oleo-sobre-tela-jardim-das-sensacoes\/","title":{"rendered":"OBRA \u00d3LEO SOBRE TELA &#8211; JARDIM DAS SENSA\u00c7\u00d5ES"},"content":{"rendered":"","protected":false},"excerpt":{"rendered":"<p>Oleo s.tela Jardim das Sensa\u00e7\u00f5es &#8211; Largura 120 altura 90<\/p>\n","protected":false},"featured_media":8528,"template":"","meta":[],"product_brand":[],"product_cat":[93,59,82,92],"product_tag":[],"class_list":{"0":"post-8527","1":"product","2":"type-product","3":"status-publish","4":"has-post-thumbnail","6":"product_cat-obras-de-arte","7":"product_cat-outlet","8":"product_cat-quadros","9":"product_cat-telas","11":"first","12":"instock","13":"shipping-taxable","14":"product-type-simple"},"_links":{"self":[{"href":"https:\/\/deccore.com.br\/loja\/wp-json\/wp\/v2\/product\/8527","targetHints":{"allow":["GET"]}}],"collection":[{"href":"https:\/\/deccore.com.br\/loja\/wp-json\/wp\/v2\/product"}],"about":[{"href":"https:\/\/deccore.com.br\/loja\/wp-json\/wp\/v2\/types\/product"}],"version-history":[{"count":1,"href":"https:\/\/deccore.com.br\/loja\/wp-json\/wp\/v2\/product\/8527\/revisions"}],"predecessor-version":[{"id":8529,"href":"https:\/\/deccore.com.br\/loja\/wp-json\/wp\/v2\/product\/8527\/revisions\/8529"}],"wp:featuredmedia":[{"embeddable":true,"href":"https:\/\/deccore.com.br\/loja\/wp-json\/wp\/v2\/media\/8528"}],"wp:attachment":[{"href":"https:\/\/deccore.com.br\/loja\/wp-json\/wp\/v2\/media?parent=8527"}],"wp:term":[{"taxonomy":"product_brand","embeddable":true,"href":"https:\/\/deccore.com.br\/loja\/wp-json\/wp\/v2\/product_brand?post=8527"},{"taxonomy":"product_cat","embeddable":true,"href":"https:\/\/deccore.com.br\/loja\/wp-json\/wp\/v2\/product_cat?post=8527"},{"taxonomy":"product_tag","embeddable":true,"href":"https:\/\/deccore.com.br\/loja\/wp-json\/wp\/v2\/product_tag?post=8527"}],"curies":[{"name":"wp","href":"https:\/\/api.w.org\/{rel}","templated":true}]}}