{"id":8595,"date":"2022-04-27T13:51:26","date_gmt":"2022-04-27T13:51:26","guid":{"rendered":"https:\/\/deccore.com.br\/loja\/?post_type=product&#038;p=8595"},"modified":"2024-10-22T18:43:11","modified_gmt":"2024-10-22T18:43:11","slug":"poltrona-lille-encomenda","status":"publish","type":"product","link":"https:\/\/deccore.com.br\/loja\/product\/poltrona-lille-encomenda\/","title":{"rendered":"POLTRONA LILLE &#8211; ENCOMENDA"},"content":{"rendered":"","protected":false},"excerpt":{"rendered":"<p>Poltrona reclin\u00e1vel, girat\u00f3ria com fun\u00e7\u00e3o de giro inteligente, acompanha banqueta, base em metal.<\/p>\n<p>Poltrona autom\u00e1tica reclin\u00e1vel, com acionamento individualizado peseira e encosto, girat\u00f3ria, com entrada de USB, encosto de cabe\u00e7a com regulagem de altura, bra\u00e7o em l\u00e2mina de madeira, bivolt, chaise extens\u00edvel, base em metal.<\/p>\n<p><em>Medidas (LxPxA): 77x64x112<\/em><br \/>\n<em>Poltrona reclinada: 1.58<\/em><\/p>\n","protected":false},"featured_media":8601,"template":"","meta":[],"product_brand":[],"product_cat":[116],"product_tag":[],"class_list":{"0":"post-8595","1":"product","2":"type-product","3":"status-publish","4":"has-post-thumbnail","6":"product_cat-poltronas-automatizadas-e-manuais","8":"first","9":"onbackorder","10":"shipping-taxable","11":"product-type-simple"},"_links":{"self":[{"href":"https:\/\/deccore.com.br\/loja\/wp-json\/wp\/v2\/product\/8595","targetHints":{"allow":["GET"]}}],"collection":[{"href":"https:\/\/deccore.com.br\/loja\/wp-json\/wp\/v2\/product"}],"about":[{"href":"https:\/\/deccore.com.br\/loja\/wp-json\/wp\/v2\/types\/product"}],"version-history":[{"count":1,"href":"https:\/\/deccore.com.br\/loja\/wp-json\/wp\/v2\/product\/8595\/revisions"}],"predecessor-version":[{"id":8600,"href":"https:\/\/deccore.com.br\/loja\/wp-json\/wp\/v2\/product\/8595\/revisions\/8600"}],"wp:featuredmedia":[{"embeddable":true,"href":"https:\/\/deccore.com.br\/loja\/wp-json\/wp\/v2\/media\/8601"}],"wp:attachment":[{"href":"https:\/\/deccore.com.br\/loja\/wp-json\/wp\/v2\/media?parent=8595"}],"wp:term":[{"taxonomy":"product_brand","embeddable":true,"href":"https:\/\/deccore.com.br\/loja\/wp-json\/wp\/v2\/product_brand?post=8595"},{"taxonomy":"product_cat","embeddable":true,"href":"https:\/\/deccore.com.br\/loja\/wp-json\/wp\/v2\/product_cat?post=8595"},{"taxonomy":"product_tag","embeddable":true,"href":"https:\/\/deccore.com.br\/loja\/wp-json\/wp\/v2\/product_tag?post=8595"}],"curies":[{"name":"wp","href":"https:\/\/api.w.org\/{rel}","templated":true}]}}