{"id":8665,"date":"2022-04-29T14:24:32","date_gmt":"2022-04-29T14:24:32","guid":{"rendered":"https:\/\/deccore.com.br\/loja\/?post_type=product&#038;p=8665"},"modified":"2024-10-22T18:45:47","modified_gmt":"2024-10-22T18:45:47","slug":"poltrona-apollo-designer-pepe-lima","status":"publish","type":"product","link":"https:\/\/deccore.com.br\/loja\/product\/poltrona-apollo-designer-pepe-lima\/","title":{"rendered":"POLTRONA APOLLO &#8211; DESIGNER: PEPE LIMA &#8211; ENCOMENDA -T.S.S"},"content":{"rendered":"","protected":false},"excerpt":{"rendered":"<p>OP\u00c7\u00d5ES DE REVESTIMENTOS E ACABAMENTOS.<\/p>\n<p>Pep\u00ea Lima \u00e9 designer formado pelo Centro Universit\u00e1rio Belas Artes em S\u00e3o Paulo e atua no setor moveleiro h\u00e1 quase 20 anos. Foi finalista do concurso de cristais Daum France, vencedor do concurso CSN &amp; IPT de Ecodesign, participou do desenvolvimento de um mini-system Toshiba e ainda quando frequentava a Universidade, criou a chaise \u201cPP\u201d, que foi destaque na Casa Cor Cear\u00e1. Especializou-se no Politecnico di Milano em Mil\u00e3o, onde trabalhou com o Studio Incontri desenvolvendo objetos para marcas de peso como Alessi e Samsung. Durante o per\u00edodo na Europa, Pep\u00ea aprendeu que os paradigmas existem, mas podem ser quebrados. Hoje suas preocupa\u00e7\u00f5es englobam o conforto, a est\u00e9tica, a ergonomia, a hist\u00f3ria, o valor agregado, a funcionalidade, a praticidade e o custo das pe\u00e7as que desenha.<\/p>\n","protected":false},"featured_media":8666,"template":"","meta":[],"product_brand":[],"product_cat":[64],"product_tag":[],"class_list":{"0":"post-8665","1":"product","2":"type-product","3":"status-publish","4":"has-post-thumbnail","6":"product_cat-poltronas","8":"first","9":"onbackorder","10":"shipping-taxable","11":"product-type-simple"},"_links":{"self":[{"href":"https:\/\/deccore.com.br\/loja\/wp-json\/wp\/v2\/product\/8665","targetHints":{"allow":["GET"]}}],"collection":[{"href":"https:\/\/deccore.com.br\/loja\/wp-json\/wp\/v2\/product"}],"about":[{"href":"https:\/\/deccore.com.br\/loja\/wp-json\/wp\/v2\/types\/product"}],"version-history":[{"count":3,"href":"https:\/\/deccore.com.br\/loja\/wp-json\/wp\/v2\/product\/8665\/revisions"}],"predecessor-version":[{"id":15711,"href":"https:\/\/deccore.com.br\/loja\/wp-json\/wp\/v2\/product\/8665\/revisions\/15711"}],"wp:featuredmedia":[{"embeddable":true,"href":"https:\/\/deccore.com.br\/loja\/wp-json\/wp\/v2\/media\/8666"}],"wp:attachment":[{"href":"https:\/\/deccore.com.br\/loja\/wp-json\/wp\/v2\/media?parent=8665"}],"wp:term":[{"taxonomy":"product_brand","embeddable":true,"href":"https:\/\/deccore.com.br\/loja\/wp-json\/wp\/v2\/product_brand?post=8665"},{"taxonomy":"product_cat","embeddable":true,"href":"https:\/\/deccore.com.br\/loja\/wp-json\/wp\/v2\/product_cat?post=8665"},{"taxonomy":"product_tag","embeddable":true,"href":"https:\/\/deccore.com.br\/loja\/wp-json\/wp\/v2\/product_tag?post=8665"}],"curies":[{"name":"wp","href":"https:\/\/api.w.org\/{rel}","templated":true}]}}