{"id":8676,"date":"2022-04-29T16:40:53","date_gmt":"2022-04-29T16:40:53","guid":{"rendered":"https:\/\/deccore.com.br\/loja\/?post_type=product&#038;p=8676"},"modified":"2022-04-29T16:40:53","modified_gmt":"2022-04-29T16:40:53","slug":"aparador-contti-designer-theo-egami-encomenda","status":"publish","type":"product","link":"https:\/\/deccore.com.br\/loja\/product\/aparador-contti-designer-theo-egami-encomenda\/","title":{"rendered":"APARADOR CONTTI &#8211; DESIGNER: THEO EGAMI &#8211; ENCOMENDA"},"content":{"rendered":"","protected":false},"excerpt":{"rendered":"<p>Partindo da premissa de Bruno Munari, que design \u00e9 refer\u00eancia + fantasia, o designer Theo Egami possui em sua forma\u00e7\u00e3o o desenvolvimento de projetos desde designers cl\u00e1ssicos como: Lasar Segall e Gregori Warchavchik at\u00e9 designers contempor\u00e2neos como Arthur Casas e Cl\u00e1udia Moreira Sales.<\/p>\n","protected":false},"featured_media":8677,"template":"","meta":[],"product_brand":[],"product_cat":[68],"product_tag":[],"class_list":{"0":"post-8676","1":"product","2":"type-product","3":"status-publish","4":"has-post-thumbnail","6":"product_cat-aparador","8":"first","9":"instock","10":"shipping-taxable","11":"product-type-simple"},"_links":{"self":[{"href":"https:\/\/deccore.com.br\/loja\/wp-json\/wp\/v2\/product\/8676","targetHints":{"allow":["GET"]}}],"collection":[{"href":"https:\/\/deccore.com.br\/loja\/wp-json\/wp\/v2\/product"}],"about":[{"href":"https:\/\/deccore.com.br\/loja\/wp-json\/wp\/v2\/types\/product"}],"version-history":[{"count":1,"href":"https:\/\/deccore.com.br\/loja\/wp-json\/wp\/v2\/product\/8676\/revisions"}],"predecessor-version":[{"id":8679,"href":"https:\/\/deccore.com.br\/loja\/wp-json\/wp\/v2\/product\/8676\/revisions\/8679"}],"wp:featuredmedia":[{"embeddable":true,"href":"https:\/\/deccore.com.br\/loja\/wp-json\/wp\/v2\/media\/8677"}],"wp:attachment":[{"href":"https:\/\/deccore.com.br\/loja\/wp-json\/wp\/v2\/media?parent=8676"}],"wp:term":[{"taxonomy":"product_brand","embeddable":true,"href":"https:\/\/deccore.com.br\/loja\/wp-json\/wp\/v2\/product_brand?post=8676"},{"taxonomy":"product_cat","embeddable":true,"href":"https:\/\/deccore.com.br\/loja\/wp-json\/wp\/v2\/product_cat?post=8676"},{"taxonomy":"product_tag","embeddable":true,"href":"https:\/\/deccore.com.br\/loja\/wp-json\/wp\/v2\/product_tag?post=8676"}],"curies":[{"name":"wp","href":"https:\/\/api.w.org\/{rel}","templated":true}]}}