{"id":8680,"date":"2022-04-29T16:46:34","date_gmt":"2022-04-29T16:46:34","guid":{"rendered":"https:\/\/deccore.com.br\/loja\/?post_type=product&#038;p=8680"},"modified":"2022-04-29T16:46:34","modified_gmt":"2022-04-29T16:46:34","slug":"luminaria-de-chao-edro-designer-fabricio-roncca","status":"publish","type":"product","link":"https:\/\/deccore.com.br\/loja\/product\/luminaria-de-chao-edro-designer-fabricio-roncca\/","title":{"rendered":"LUMINARIA DE CH\u00c3O EDRO &#8211; DESIGNER: FABRICIO RONCCA"},"content":{"rendered":"","protected":false},"excerpt":{"rendered":"<p>Paulista que cresceu em Belo Horizonte, Minas Gerais onde aprendeu a ver a arquitetura, o folclore e a arte de forma l\u00fadica e intimista. Na inf\u00e2ncia frequentava a faculdade de Belas Artes com sua m\u00e3e onde aprendeu a gostar de forma natural do desenho e da pintura. Arquiteto e urbanista formado pela Universidade Estadual de Londrina UEL. Atua na \u00e1rea desde o ano de 2003 com projetos de arquitetura, interiores e design de mobili\u00e1rio.<\/p>\n","protected":false},"featured_media":8681,"template":"","meta":[],"product_brand":[],"product_cat":[15,77],"product_tag":[],"class_list":{"0":"post-8680","1":"product","2":"type-product","3":"status-publish","4":"has-post-thumbnail","6":"product_cat-uncategorized","7":"product_cat-luminaria","9":"first","10":"instock","11":"shipping-taxable","12":"product-type-simple"},"_links":{"self":[{"href":"https:\/\/deccore.com.br\/loja\/wp-json\/wp\/v2\/product\/8680","targetHints":{"allow":["GET"]}}],"collection":[{"href":"https:\/\/deccore.com.br\/loja\/wp-json\/wp\/v2\/product"}],"about":[{"href":"https:\/\/deccore.com.br\/loja\/wp-json\/wp\/v2\/types\/product"}],"version-history":[{"count":1,"href":"https:\/\/deccore.com.br\/loja\/wp-json\/wp\/v2\/product\/8680\/revisions"}],"predecessor-version":[{"id":8682,"href":"https:\/\/deccore.com.br\/loja\/wp-json\/wp\/v2\/product\/8680\/revisions\/8682"}],"wp:featuredmedia":[{"embeddable":true,"href":"https:\/\/deccore.com.br\/loja\/wp-json\/wp\/v2\/media\/8681"}],"wp:attachment":[{"href":"https:\/\/deccore.com.br\/loja\/wp-json\/wp\/v2\/media?parent=8680"}],"wp:term":[{"taxonomy":"product_brand","embeddable":true,"href":"https:\/\/deccore.com.br\/loja\/wp-json\/wp\/v2\/product_brand?post=8680"},{"taxonomy":"product_cat","embeddable":true,"href":"https:\/\/deccore.com.br\/loja\/wp-json\/wp\/v2\/product_cat?post=8680"},{"taxonomy":"product_tag","embeddable":true,"href":"https:\/\/deccore.com.br\/loja\/wp-json\/wp\/v2\/product_tag?post=8680"}],"curies":[{"name":"wp","href":"https:\/\/api.w.org\/{rel}","templated":true}]}}