{"id":8692,"date":"2022-04-29T17:14:51","date_gmt":"2022-04-29T17:14:51","guid":{"rendered":"https:\/\/deccore.com.br\/loja\/?post_type=product&#038;p=8692"},"modified":"2022-04-29T17:14:51","modified_gmt":"2022-04-29T17:14:51","slug":"giacomo-tomazi-arquiteto-urbanista-e-design-de-produtos","status":"publish","type":"product","link":"https:\/\/deccore.com.br\/loja\/product\/giacomo-tomazi-arquiteto-urbanista-e-design-de-produtos\/","title":{"rendered":"GIACOMO TOMAZI &#8211; ARQUITETO URBANISTA E DESIGN DE PRODUTOS."},"content":{"rendered":"","protected":false},"excerpt":{"rendered":"<p>Diogo Gi\u00e1como Tomazzi \u00e9 formado em Arquitetura e Urbanismo na Universidade Federal de Santa Catarina com \u00eanfase em Design de Produto pela Universidade do Estado de Santa Catarina. Em 2005 trocou Florian\u00f3polis por S\u00e3o Paulo e em 2011, abriu seu pr\u00f3prio est\u00fadio desenvolvendo projetos autorais e posteriormente colaborando com empresas do setor moveleiro de alta decora\u00e7\u00e3o. Desenvolve projetos para a Ind\u00fastria atrav\u00e9s de linguagem contempor\u00e2nea, incorporando beleza, qualidade e estilo e buscando-se a conex\u00e3o entre pessoas, emo\u00e7\u00f5es e objetos.<\/p>\n","protected":false},"featured_media":8693,"template":"","meta":[],"product_brand":[],"product_cat":[15],"product_tag":[],"class_list":{"0":"post-8692","1":"product","2":"type-product","3":"status-publish","4":"has-post-thumbnail","6":"product_cat-uncategorized","8":"first","9":"instock","10":"shipping-taxable","11":"product-type-simple"},"_links":{"self":[{"href":"https:\/\/deccore.com.br\/loja\/wp-json\/wp\/v2\/product\/8692","targetHints":{"allow":["GET"]}}],"collection":[{"href":"https:\/\/deccore.com.br\/loja\/wp-json\/wp\/v2\/product"}],"about":[{"href":"https:\/\/deccore.com.br\/loja\/wp-json\/wp\/v2\/types\/product"}],"version-history":[{"count":2,"href":"https:\/\/deccore.com.br\/loja\/wp-json\/wp\/v2\/product\/8692\/revisions"}],"predecessor-version":[{"id":8695,"href":"https:\/\/deccore.com.br\/loja\/wp-json\/wp\/v2\/product\/8692\/revisions\/8695"}],"wp:featuredmedia":[{"embeddable":true,"href":"https:\/\/deccore.com.br\/loja\/wp-json\/wp\/v2\/media\/8693"}],"wp:attachment":[{"href":"https:\/\/deccore.com.br\/loja\/wp-json\/wp\/v2\/media?parent=8692"}],"wp:term":[{"taxonomy":"product_brand","embeddable":true,"href":"https:\/\/deccore.com.br\/loja\/wp-json\/wp\/v2\/product_brand?post=8692"},{"taxonomy":"product_cat","embeddable":true,"href":"https:\/\/deccore.com.br\/loja\/wp-json\/wp\/v2\/product_cat?post=8692"},{"taxonomy":"product_tag","embeddable":true,"href":"https:\/\/deccore.com.br\/loja\/wp-json\/wp\/v2\/product_tag?post=8692"}],"curies":[{"name":"wp","href":"https:\/\/api.w.org\/{rel}","templated":true}]}}