{"id":8701,"date":"2022-04-29T17:35:00","date_gmt":"2022-04-29T17:35:00","guid":{"rendered":"https:\/\/deccore.com.br\/loja\/?post_type=product&#038;p=8701"},"modified":"2024-05-03T18:37:35","modified_gmt":"2024-05-03T18:37:35","slug":"sofa-croa-eletrico-100-couro-natural","status":"publish","type":"product","link":"https:\/\/deccore.com.br\/loja\/product\/sofa-croa-eletrico-100-couro-natural\/","title":{"rendered":"SOF\u00c1 CRO\u00c1 &#8211; EL\u00c9TRICO  &#8211; 100% COURO NATURAL &#8211;"},"content":{"rendered":"<p><iframe title=\"Cro\u00e1 - Salva Design de Mobili\u00e1rio\" width=\"600\" height=\"338\" src=\"https:\/\/www.youtube.com\/embed\/rUZYUsZy8wA?feature=oembed\" frameborder=\"0\" allow=\"accelerometer; autoplay; clipboard-write; encrypted-media; gyroscope; picture-in-picture; web-share\" referrerpolicy=\"strict-origin-when-cross-origin\" allowfullscreen><\/iframe><\/p>\n","protected":false},"excerpt":{"rendered":"<p>V\u00c1RIAS OP\u00c7\u00d5ES DE MEDIDAS E CORES. (COURO 100% NATURAL)<\/p>\n<p>Pensando no futuro, a Salva investe em a\u00e7\u00f5es de responsabilidade social e preserva\u00e7\u00e3o do meio ambiente. Toda a madeira utilizada em nossos processos de fabrica\u00e7\u00e3o \u00e9 proveniente de reflorestamento e possu\u00edmos um r\u00edgido controle de gera\u00e7\u00e3o, destina\u00e7\u00e3o e reciclagem de res\u00edduos industriais, tratando efluentes e buscando constantes melhorias nos processos a fim de minimizar impactos ambientais.<\/p>\n","protected":false},"featured_media":8703,"template":"","meta":[],"product_brand":[],"product_cat":[166,85,65],"product_tag":[],"class_list":{"0":"post-8701","1":"product","2":"type-product","3":"status-publish","4":"has-post-thumbnail","6":"product_cat-dia-das-maes","7":"product_cat-estofados","8":"product_cat-sofas-2","10":"first","11":"instock","12":"shipping-taxable","13":"product-type-simple"},"_links":{"self":[{"href":"https:\/\/deccore.com.br\/loja\/wp-json\/wp\/v2\/product\/8701","targetHints":{"allow":["GET"]}}],"collection":[{"href":"https:\/\/deccore.com.br\/loja\/wp-json\/wp\/v2\/product"}],"about":[{"href":"https:\/\/deccore.com.br\/loja\/wp-json\/wp\/v2\/types\/product"}],"version-history":[{"count":7,"href":"https:\/\/deccore.com.br\/loja\/wp-json\/wp\/v2\/product\/8701\/revisions"}],"predecessor-version":[{"id":14683,"href":"https:\/\/deccore.com.br\/loja\/wp-json\/wp\/v2\/product\/8701\/revisions\/14683"}],"wp:featuredmedia":[{"embeddable":true,"href":"https:\/\/deccore.com.br\/loja\/wp-json\/wp\/v2\/media\/8703"}],"wp:attachment":[{"href":"https:\/\/deccore.com.br\/loja\/wp-json\/wp\/v2\/media?parent=8701"}],"wp:term":[{"taxonomy":"product_brand","embeddable":true,"href":"https:\/\/deccore.com.br\/loja\/wp-json\/wp\/v2\/product_brand?post=8701"},{"taxonomy":"product_cat","embeddable":true,"href":"https:\/\/deccore.com.br\/loja\/wp-json\/wp\/v2\/product_cat?post=8701"},{"taxonomy":"product_tag","embeddable":true,"href":"https:\/\/deccore.com.br\/loja\/wp-json\/wp\/v2\/product_tag?post=8701"}],"curies":[{"name":"wp","href":"https:\/\/api.w.org\/{rel}","templated":true}]}}