{"id":8707,"date":"2022-04-29T17:42:34","date_gmt":"2022-04-29T17:42:34","guid":{"rendered":"https:\/\/deccore.com.br\/loja\/?post_type=product&#038;p=8707"},"modified":"2024-10-22T15:22:17","modified_gmt":"2024-10-22T15:22:17","slug":"poltrona-high-100-couro-natural","status":"publish","type":"product","link":"https:\/\/deccore.com.br\/loja\/product\/poltrona-high-100-couro-natural\/","title":{"rendered":"POLTRONA HIGH &#8211; 100% COURO NATURAL &#8211; ENCOMENDA &#8211; M.N.N"},"content":{"rendered":"<p><iframe title=\"Poltrona Suma - Salva Design de Mobili\u00e1rio\" width=\"600\" height=\"338\" src=\"https:\/\/www.youtube.com\/embed\/X8hPTkZC2Kk?feature=oembed\" frameborder=\"0\" allow=\"accelerometer; autoplay; clipboard-write; encrypted-media; gyroscope; picture-in-picture; web-share\" referrerpolicy=\"strict-origin-when-cross-origin\" allowfullscreen><\/iframe><\/p>\n<p>A Poltrona Suma High \u00e9 arrojada e cheia de autenticidade.<br \/>\nCombinando conforto, ergon\u00f4mia e tecnologia, \u00e9 uma poltrona que garante conforto ao se sentar.<\/p>\n<p>Em couro e metal, a Suma High tem sistema de balan\u00e7o e rota\u00e7\u00e3o de 360\u00b0, exclusivos, para uma experi\u00eancia \u00fanica.<\/p>\n<p>Como op\u00e7\u00e3o, a Suma High ainda pode vir com um Puff para o apoio dos p\u00e9s.<\/p>\n","protected":false},"excerpt":{"rendered":"<p>OP\u00c7\u00d5ES DE REVESTIMENTOS EM COURO 100% NATURAL.<\/p>\n","protected":false},"featured_media":8708,"template":"","meta":[],"product_brand":[],"product_cat":[64],"product_tag":[],"class_list":{"0":"post-8707","1":"product","2":"type-product","3":"status-publish","4":"has-post-thumbnail","6":"product_cat-poltronas","8":"first","9":"onbackorder","10":"shipping-taxable","11":"product-type-simple"},"_links":{"self":[{"href":"https:\/\/deccore.com.br\/loja\/wp-json\/wp\/v2\/product\/8707","targetHints":{"allow":["GET"]}}],"collection":[{"href":"https:\/\/deccore.com.br\/loja\/wp-json\/wp\/v2\/product"}],"about":[{"href":"https:\/\/deccore.com.br\/loja\/wp-json\/wp\/v2\/types\/product"}],"version-history":[{"count":7,"href":"https:\/\/deccore.com.br\/loja\/wp-json\/wp\/v2\/product\/8707\/revisions"}],"predecessor-version":[{"id":14361,"href":"https:\/\/deccore.com.br\/loja\/wp-json\/wp\/v2\/product\/8707\/revisions\/14361"}],"wp:featuredmedia":[{"embeddable":true,"href":"https:\/\/deccore.com.br\/loja\/wp-json\/wp\/v2\/media\/8708"}],"wp:attachment":[{"href":"https:\/\/deccore.com.br\/loja\/wp-json\/wp\/v2\/media?parent=8707"}],"wp:term":[{"taxonomy":"product_brand","embeddable":true,"href":"https:\/\/deccore.com.br\/loja\/wp-json\/wp\/v2\/product_brand?post=8707"},{"taxonomy":"product_cat","embeddable":true,"href":"https:\/\/deccore.com.br\/loja\/wp-json\/wp\/v2\/product_cat?post=8707"},{"taxonomy":"product_tag","embeddable":true,"href":"https:\/\/deccore.com.br\/loja\/wp-json\/wp\/v2\/product_tag?post=8707"}],"curies":[{"name":"wp","href":"https:\/\/api.w.org\/{rel}","templated":true}]}}