{"id":8727,"date":"2022-05-02T16:53:11","date_gmt":"2022-05-02T16:53:11","guid":{"rendered":"https:\/\/deccore.com.br\/loja\/?post_type=product&#038;p=8727"},"modified":"2022-05-02T16:53:11","modified_gmt":"2022-05-02T16:53:11","slug":"balcao-suez-designer-ambos-studio-encomenda","status":"publish","type":"product","link":"https:\/\/deccore.com.br\/loja\/product\/balcao-suez-designer-ambos-studio-encomenda\/","title":{"rendered":"BALC\u00c3O SUEZ &#8211; DESIGNER: AMBOS ST\u00daDIO &#8211; ENCOMENDA."},"content":{"rendered":"","protected":false},"excerpt":{"rendered":"<p>O Est\u00fadio Ambos \u00e9 especializado na cria\u00e7\u00e3o de produtos autorais. Em cada uma de suas obras, buscam tornar o cotidiano mais confort\u00e1vel e funcional, explorando o uso consciente dos materiais e prezando por produtos de alta qualidade. Al\u00e9m disso, suas cria\u00e7\u00f5es buscam expressar significados e conceitos, segundo eles: &#8220;Entendemos o design como uma forma de linguagem, uma conversa com quem utiliza a pe\u00e7a&#8221;.<\/p>\n","protected":false},"featured_media":8728,"template":"","meta":[],"product_brand":[],"product_cat":[115,66],"product_tag":[],"class_list":{"0":"post-8727","1":"product","2":"type-product","3":"status-publish","4":"has-post-thumbnail","6":"product_cat-balcao","7":"product_cat-buffet","9":"first","10":"instock","11":"shipping-taxable","12":"product-type-simple"},"_links":{"self":[{"href":"https:\/\/deccore.com.br\/loja\/wp-json\/wp\/v2\/product\/8727","targetHints":{"allow":["GET"]}}],"collection":[{"href":"https:\/\/deccore.com.br\/loja\/wp-json\/wp\/v2\/product"}],"about":[{"href":"https:\/\/deccore.com.br\/loja\/wp-json\/wp\/v2\/types\/product"}],"version-history":[{"count":1,"href":"https:\/\/deccore.com.br\/loja\/wp-json\/wp\/v2\/product\/8727\/revisions"}],"predecessor-version":[{"id":8730,"href":"https:\/\/deccore.com.br\/loja\/wp-json\/wp\/v2\/product\/8727\/revisions\/8730"}],"wp:featuredmedia":[{"embeddable":true,"href":"https:\/\/deccore.com.br\/loja\/wp-json\/wp\/v2\/media\/8728"}],"wp:attachment":[{"href":"https:\/\/deccore.com.br\/loja\/wp-json\/wp\/v2\/media?parent=8727"}],"wp:term":[{"taxonomy":"product_brand","embeddable":true,"href":"https:\/\/deccore.com.br\/loja\/wp-json\/wp\/v2\/product_brand?post=8727"},{"taxonomy":"product_cat","embeddable":true,"href":"https:\/\/deccore.com.br\/loja\/wp-json\/wp\/v2\/product_cat?post=8727"},{"taxonomy":"product_tag","embeddable":true,"href":"https:\/\/deccore.com.br\/loja\/wp-json\/wp\/v2\/product_tag?post=8727"}],"curies":[{"name":"wp","href":"https:\/\/api.w.org\/{rel}","templated":true}]}}