{"id":8754,"date":"2022-05-03T17:22:14","date_gmt":"2022-05-03T17:22:14","guid":{"rendered":"https:\/\/deccore.com.br\/loja\/?post_type=product&#038;p=8754"},"modified":"2026-02-27T19:40:01","modified_gmt":"2026-02-27T19:40:01","slug":"mesa-centro-yang-designer-theo-egami","status":"publish","type":"product","link":"https:\/\/deccore.com.br\/loja\/product\/mesa-centro-yang-designer-theo-egami\/","title":{"rendered":"MESA CENTRO YANG &#8211; 21600 &#8211; DESIGNER: THEO EGAMI.-ENCOMENDA"},"content":{"rendered":"","protected":false},"excerpt":{"rendered":"<p>&nbsp;<\/p>\n<p>MEDIDAS: 1.40X0.70<\/p>\n<p>Partindo da premissa de Bruno Munari, que design \u00e9 refer\u00eancia + fantasia, o designer Theo Egami possui em sua forma\u00e7\u00e3o o desenvolvimento de projetos desde designers cl\u00e1ssicos como: Lasar Segall e Gregori Warchavchik at\u00e9 designers contempor\u00e2neos como Arthur Casas e Cl\u00e1udia Moreira Sales.<\/p>\n","protected":false},"featured_media":8756,"template":"","meta":[],"product_brand":[],"product_cat":[76,59],"product_tag":[],"class_list":{"0":"post-8754","1":"product","2":"type-product","3":"status-publish","4":"has-post-thumbnail","6":"product_cat-mesa-centro","7":"product_cat-outlet","9":"first","10":"instock","11":"shipping-taxable","12":"product-type-simple"},"_links":{"self":[{"href":"https:\/\/deccore.com.br\/loja\/wp-json\/wp\/v2\/product\/8754","targetHints":{"allow":["GET"]}}],"collection":[{"href":"https:\/\/deccore.com.br\/loja\/wp-json\/wp\/v2\/product"}],"about":[{"href":"https:\/\/deccore.com.br\/loja\/wp-json\/wp\/v2\/types\/product"}],"version-history":[{"count":12,"href":"https:\/\/deccore.com.br\/loja\/wp-json\/wp\/v2\/product\/8754\/revisions"}],"predecessor-version":[{"id":16249,"href":"https:\/\/deccore.com.br\/loja\/wp-json\/wp\/v2\/product\/8754\/revisions\/16249"}],"wp:featuredmedia":[{"embeddable":true,"href":"https:\/\/deccore.com.br\/loja\/wp-json\/wp\/v2\/media\/8756"}],"wp:attachment":[{"href":"https:\/\/deccore.com.br\/loja\/wp-json\/wp\/v2\/media?parent=8754"}],"wp:term":[{"taxonomy":"product_brand","embeddable":true,"href":"https:\/\/deccore.com.br\/loja\/wp-json\/wp\/v2\/product_brand?post=8754"},{"taxonomy":"product_cat","embeddable":true,"href":"https:\/\/deccore.com.br\/loja\/wp-json\/wp\/v2\/product_cat?post=8754"},{"taxonomy":"product_tag","embeddable":true,"href":"https:\/\/deccore.com.br\/loja\/wp-json\/wp\/v2\/product_tag?post=8754"}],"curies":[{"name":"wp","href":"https:\/\/api.w.org\/{rel}","templated":true}]}}