{"id":8768,"date":"2022-05-05T17:40:54","date_gmt":"2022-05-05T17:40:54","guid":{"rendered":"https:\/\/deccore.com.br\/loja\/?post_type=product&#038;p=8768"},"modified":"2024-11-08T16:06:35","modified_gmt":"2024-11-08T16:06:35","slug":"mesa-de-centro-oval-saarinem-1-35x0-85-designer-eero-saarinem","status":"publish","type":"product","link":"https:\/\/deccore.com.br\/loja\/product\/mesa-de-centro-oval-saarinem-1-35x0-85-designer-eero-saarinem\/","title":{"rendered":"MESA CENTRO OVAL SAARINEM &#8211; 17824 &#8211; 1.35X0.85 &#8211; DESIGNER: Eero Saarinem &#8211; 60% DE DESCONTO."},"content":{"rendered":"","protected":false},"excerpt":{"rendered":"<p>DESCONTO ESPECIAL PARA PAGAMENTO \u00c0 VISTA.<\/p>\n<p>A\u00a0<a title=\"Mesa Saarinen\" href=\"https:\/\/www.artezanal.com\/produto\/mesas\/jantar\/mesas-saarinen-jantar-redonda-90cm\/\">Mesa Saarinen<\/a>\u00a0criada em 1956, tamb\u00e9m conhecida como mesa Tulipa, \u00e9 conhecida internacionalmente pelo sobrenome de seu criador, o finland\u00eas\u00a0<a title=\"Designer Eero Saarinen\" href=\"https:\/\/www.artezanal.com\/produtos\/eero-saarinen-1910-1961-finlandia\/\">Eero Saarinen<\/a>, possui formas org\u00e2nicas sem descontinuidade, admirada no mundo todo \u00e9 atemporal. As\u00a0<a title=\"Mesa Saarinen\" href=\"https:\/\/www.artezanal.com\/produto\/mesas\/jantar\/mesas-saarinen-jantar-redonda-90cm\/\">Mesas Saarinen<\/a>\u00a0s\u00e3o ideais para qualquer tipo de ambiente cl\u00e1ssico ou contempor\u00e2neo, sendo pe\u00e7a chave em qualquer composi\u00e7\u00e3o de decora\u00e7\u00e3o, estilizando e harmonizando locais, elas demonstram extrema eleg\u00e2ncia. Ficam perfeitas usadas no centro de uma sala de estar, hall de entrada, escritorios, etc. Ter uma Mesa Saarinen \u00e9 sinal de extremo bom gosto!<\/p>\n","protected":false},"featured_media":8769,"template":"","meta":[],"product_brand":[],"product_cat":[166,76,59],"product_tag":[],"class_list":{"0":"post-8768","1":"product","2":"type-product","3":"status-publish","4":"has-post-thumbnail","6":"product_cat-dia-das-maes","7":"product_cat-mesa-centro","8":"product_cat-outlet","10":"first","11":"instock","12":"shipping-taxable","13":"product-type-simple"},"_links":{"self":[{"href":"https:\/\/deccore.com.br\/loja\/wp-json\/wp\/v2\/product\/8768","targetHints":{"allow":["GET"]}}],"collection":[{"href":"https:\/\/deccore.com.br\/loja\/wp-json\/wp\/v2\/product"}],"about":[{"href":"https:\/\/deccore.com.br\/loja\/wp-json\/wp\/v2\/types\/product"}],"version-history":[{"count":7,"href":"https:\/\/deccore.com.br\/loja\/wp-json\/wp\/v2\/product\/8768\/revisions"}],"predecessor-version":[{"id":15374,"href":"https:\/\/deccore.com.br\/loja\/wp-json\/wp\/v2\/product\/8768\/revisions\/15374"}],"wp:featuredmedia":[{"embeddable":true,"href":"https:\/\/deccore.com.br\/loja\/wp-json\/wp\/v2\/media\/8769"}],"wp:attachment":[{"href":"https:\/\/deccore.com.br\/loja\/wp-json\/wp\/v2\/media?parent=8768"}],"wp:term":[{"taxonomy":"product_brand","embeddable":true,"href":"https:\/\/deccore.com.br\/loja\/wp-json\/wp\/v2\/product_brand?post=8768"},{"taxonomy":"product_cat","embeddable":true,"href":"https:\/\/deccore.com.br\/loja\/wp-json\/wp\/v2\/product_cat?post=8768"},{"taxonomy":"product_tag","embeddable":true,"href":"https:\/\/deccore.com.br\/loja\/wp-json\/wp\/v2\/product_tag?post=8768"}],"curies":[{"name":"wp","href":"https:\/\/api.w.org\/{rel}","templated":true}]}}