{"id":8782,"date":"2022-05-05T18:13:52","date_gmt":"2022-05-05T18:13:52","guid":{"rendered":"https:\/\/deccore.com.br\/loja\/?post_type=product&#038;p=8782"},"modified":"2022-11-23T18:26:28","modified_gmt":"2022-11-23T18:26:28","slug":"carrinho-de-cha-enotria-aml","status":"publish","type":"product","link":"https:\/\/deccore.com.br\/loja\/product\/carrinho-de-cha-enotria-aml\/","title":{"rendered":"CARRINHO DE CH\u00c1 ENOTRIA &#8211; AML &#8211; ENCOMENDA."},"content":{"rendered":"","protected":false},"excerpt":{"rendered":"<p>A\u00c7O CARBONO PINTADO.<\/p>\n<p>OP\u00c7\u00c3O EM LAMINA DE MADEIRA JEQUITIB\u00c1 OU NOGUEIRA.<\/p>\n<p>V\u00c1RIAS CORES.<\/p>\n","protected":false},"featured_media":8783,"template":"","meta":[],"product_brand":[],"product_cat":[90,89],"product_tag":[],"class_list":{"0":"post-8782","1":"product","2":"type-product","3":"status-publish","4":"has-post-thumbnail","6":"product_cat-carrinho-de-cha","7":"product_cat-carro-bar","9":"first","10":"instock","11":"shipping-taxable","12":"product-type-simple"},"_links":{"self":[{"href":"https:\/\/deccore.com.br\/loja\/wp-json\/wp\/v2\/product\/8782","targetHints":{"allow":["GET"]}}],"collection":[{"href":"https:\/\/deccore.com.br\/loja\/wp-json\/wp\/v2\/product"}],"about":[{"href":"https:\/\/deccore.com.br\/loja\/wp-json\/wp\/v2\/types\/product"}],"version-history":[{"count":4,"href":"https:\/\/deccore.com.br\/loja\/wp-json\/wp\/v2\/product\/8782\/revisions"}],"predecessor-version":[{"id":10768,"href":"https:\/\/deccore.com.br\/loja\/wp-json\/wp\/v2\/product\/8782\/revisions\/10768"}],"wp:featuredmedia":[{"embeddable":true,"href":"https:\/\/deccore.com.br\/loja\/wp-json\/wp\/v2\/media\/8783"}],"wp:attachment":[{"href":"https:\/\/deccore.com.br\/loja\/wp-json\/wp\/v2\/media?parent=8782"}],"wp:term":[{"taxonomy":"product_brand","embeddable":true,"href":"https:\/\/deccore.com.br\/loja\/wp-json\/wp\/v2\/product_brand?post=8782"},{"taxonomy":"product_cat","embeddable":true,"href":"https:\/\/deccore.com.br\/loja\/wp-json\/wp\/v2\/product_cat?post=8782"},{"taxonomy":"product_tag","embeddable":true,"href":"https:\/\/deccore.com.br\/loja\/wp-json\/wp\/v2\/product_tag?post=8782"}],"curies":[{"name":"wp","href":"https:\/\/api.w.org\/{rel}","templated":true}]}}