{"id":8801,"date":"2022-05-09T13:02:04","date_gmt":"2022-05-09T13:02:04","guid":{"rendered":"https:\/\/deccore.com.br\/loja\/?post_type=product&#038;p=8801"},"modified":"2024-11-08T16:05:58","modified_gmt":"2024-11-08T16:05:58","slug":"porta-joia-dinamo-peca-unica-com-30-de-desconto","status":"publish","type":"product","link":"https:\/\/deccore.com.br\/loja\/product\/porta-joia-dinamo-peca-unica-com-30-de-desconto\/","title":{"rendered":"PORTA J\u00d3IA DINAMO 22170 &#8211; PE\u00c7A \u00daNICA COM 60% DE DESCONTO."},"content":{"rendered":"","protected":false},"excerpt":{"rendered":"<table border=\"0\" width=\"100%\" cellspacing=\"0\" cellpadding=\"10\">\n<tbody>\n<tr>\n<td>DESCONTO ESPECIAL PARA PAGAMENTO \u00c0 VISTA.<\/p>\n<p><b>Largura:<\/b>\u00a00,82<\/td>\n<\/tr>\n<tr>\n<td><b>Profundidade:<\/b>\u00a00,11<\/td>\n<\/tr>\n<tr>\n<td><b>Altura:<\/b>\u00a01,92<\/td>\n<\/tr>\n<tr>\n<td><b>Acabamento:<\/b>\u00a0madeira ou laca. Porta com espelho.<\/td>\n<\/tr>\n<\/tbody>\n<\/table>\n","protected":false},"featured_media":8802,"template":"","meta":[],"product_brand":[],"product_cat":[15,59],"product_tag":[],"class_list":{"0":"post-8801","1":"product","2":"type-product","3":"status-publish","4":"has-post-thumbnail","6":"product_cat-uncategorized","7":"product_cat-outlet","9":"first","10":"instock","11":"shipping-taxable","12":"product-type-simple"},"_links":{"self":[{"href":"https:\/\/deccore.com.br\/loja\/wp-json\/wp\/v2\/product\/8801","targetHints":{"allow":["GET"]}}],"collection":[{"href":"https:\/\/deccore.com.br\/loja\/wp-json\/wp\/v2\/product"}],"about":[{"href":"https:\/\/deccore.com.br\/loja\/wp-json\/wp\/v2\/types\/product"}],"version-history":[{"count":5,"href":"https:\/\/deccore.com.br\/loja\/wp-json\/wp\/v2\/product\/8801\/revisions"}],"predecessor-version":[{"id":15451,"href":"https:\/\/deccore.com.br\/loja\/wp-json\/wp\/v2\/product\/8801\/revisions\/15451"}],"wp:featuredmedia":[{"embeddable":true,"href":"https:\/\/deccore.com.br\/loja\/wp-json\/wp\/v2\/media\/8802"}],"wp:attachment":[{"href":"https:\/\/deccore.com.br\/loja\/wp-json\/wp\/v2\/media?parent=8801"}],"wp:term":[{"taxonomy":"product_brand","embeddable":true,"href":"https:\/\/deccore.com.br\/loja\/wp-json\/wp\/v2\/product_brand?post=8801"},{"taxonomy":"product_cat","embeddable":true,"href":"https:\/\/deccore.com.br\/loja\/wp-json\/wp\/v2\/product_cat?post=8801"},{"taxonomy":"product_tag","embeddable":true,"href":"https:\/\/deccore.com.br\/loja\/wp-json\/wp\/v2\/product_tag?post=8801"}],"curies":[{"name":"wp","href":"https:\/\/api.w.org\/{rel}","templated":true}]}}