{"id":8870,"date":"2022-05-12T18:28:07","date_gmt":"2022-05-12T18:28:07","guid":{"rendered":"https:\/\/deccore.com.br\/loja\/?post_type=product&#038;p=8870"},"modified":"2025-09-02T13:54:29","modified_gmt":"2025-09-02T13:54:29","slug":"cadeira-siriema-100-couro-natural","status":"publish","type":"product","link":"https:\/\/deccore.com.br\/loja\/product\/cadeira-siriema-100-couro-natural\/","title":{"rendered":"CADEIRA SIRIEMA 22717 &#8211; 100% COURO NATURAL &#8211; DESIGNER: SAMUCA GERBER &#8211; . (VALOR UNIT\u00c1RIO)"},"content":{"rendered":"","protected":false},"excerpt":{"rendered":"<p>VALOR UNIT\u00c1RIO PARA PAGAMENTO \u00c0 VISTA.<br \/>\nCadeira Seriema Cole\u00e7\u00e3o Bioma &#8211; Salva Mobili\u00e1rio. A riqueza natural do Brasil vai al\u00e9m da delimita\u00e7\u00e3o dos biomas, muitas vezes transita entre eles engrandecendo a fauna e a flora brasileira. Assim, \u00e9 a Seriema que faz dos pampas, da caatinga e do cerrado, o seu lar. Sua adaptabilidade inspirou o designer Samuca Gerber na cria\u00e7\u00e3o da cadeira de mesmo nome, uma pe\u00e7a vers\u00e1til que se encaixa em diversos estilos de ambiente. Suas pernas esguias em a\u00e7o carbono fazem refer\u00eancia \u00e0 ave e garante leveza \u00e0 pe\u00e7a. Designer: Samuca Gerber.<\/p>\n","protected":false},"featured_media":8871,"template":"","meta":[],"product_brand":[],"product_cat":[101,62,166,108],"product_tag":[],"class_list":{"0":"post-8870","1":"product","2":"type-product","3":"status-publish","4":"has-post-thumbnail","6":"product_cat-cadeira","7":"product_cat-cadeiras","8":"product_cat-dia-das-maes","9":"product_cat-novidade","11":"first","12":"instock","13":"shipping-taxable","14":"purchasable","15":"product-type-simple"},"_links":{"self":[{"href":"https:\/\/deccore.com.br\/loja\/wp-json\/wp\/v2\/product\/8870","targetHints":{"allow":["GET"]}}],"collection":[{"href":"https:\/\/deccore.com.br\/loja\/wp-json\/wp\/v2\/product"}],"about":[{"href":"https:\/\/deccore.com.br\/loja\/wp-json\/wp\/v2\/types\/product"}],"version-history":[{"count":9,"href":"https:\/\/deccore.com.br\/loja\/wp-json\/wp\/v2\/product\/8870\/revisions"}],"predecessor-version":[{"id":16052,"href":"https:\/\/deccore.com.br\/loja\/wp-json\/wp\/v2\/product\/8870\/revisions\/16052"}],"wp:featuredmedia":[{"embeddable":true,"href":"https:\/\/deccore.com.br\/loja\/wp-json\/wp\/v2\/media\/8871"}],"wp:attachment":[{"href":"https:\/\/deccore.com.br\/loja\/wp-json\/wp\/v2\/media?parent=8870"}],"wp:term":[{"taxonomy":"product_brand","embeddable":true,"href":"https:\/\/deccore.com.br\/loja\/wp-json\/wp\/v2\/product_brand?post=8870"},{"taxonomy":"product_cat","embeddable":true,"href":"https:\/\/deccore.com.br\/loja\/wp-json\/wp\/v2\/product_cat?post=8870"},{"taxonomy":"product_tag","embeddable":true,"href":"https:\/\/deccore.com.br\/loja\/wp-json\/wp\/v2\/product_tag?post=8870"}],"curies":[{"name":"wp","href":"https:\/\/api.w.org\/{rel}","templated":true}]}}