{"id":8883,"date":"2022-05-16T14:10:15","date_gmt":"2022-05-16T14:10:15","guid":{"rendered":"https:\/\/deccore.com.br\/loja\/?post_type=product&#038;p=8883"},"modified":"2024-11-13T21:23:53","modified_gmt":"2024-11-13T21:23:53","slug":"comoda-celine-designer-asadesign-studio-encomenda","status":"publish","type":"product","link":"https:\/\/deccore.com.br\/loja\/product\/comoda-celine-designer-asadesign-studio-encomenda\/","title":{"rendered":"C\u00d4MODA CELINE &#8211; CBLLI &#8211; DESIGNER: ASADESIGN STUDIO &#8211; ENCOMENDA"},"content":{"rendered":"","protected":false},"excerpt":{"rendered":"<p>revestido com l\u00e2mina natural de madeira e p\u00e9s em a\u00e7o carbono. Disp\u00f5em de<br \/>\ngavetas com puxadores revestidos em recouro e corredi\u00e7as telesc\u00f3picas,<br \/>\nsendo a primeira gaveta com divis\u00f5es internas. A c\u00f4moda possui tampo em<br \/>\nvidro bronze com bordas em recouro, e a mesa de cabeceira possui tampo<br \/>\nrevestido com recouro.<\/p>\n","protected":false},"featured_media":8884,"template":"","meta":[],"product_brand":[],"product_cat":[15,122],"product_tag":[],"class_list":{"0":"post-8883","1":"product","2":"type-product","3":"status-publish","4":"has-post-thumbnail","6":"product_cat-uncategorized","7":"product_cat-comoda","9":"first","10":"onbackorder","11":"shipping-taxable","12":"product-type-simple"},"_links":{"self":[{"href":"https:\/\/deccore.com.br\/loja\/wp-json\/wp\/v2\/product\/8883","targetHints":{"allow":["GET"]}}],"collection":[{"href":"https:\/\/deccore.com.br\/loja\/wp-json\/wp\/v2\/product"}],"about":[{"href":"https:\/\/deccore.com.br\/loja\/wp-json\/wp\/v2\/types\/product"}],"version-history":[{"count":3,"href":"https:\/\/deccore.com.br\/loja\/wp-json\/wp\/v2\/product\/8883\/revisions"}],"predecessor-version":[{"id":10411,"href":"https:\/\/deccore.com.br\/loja\/wp-json\/wp\/v2\/product\/8883\/revisions\/10411"}],"wp:featuredmedia":[{"embeddable":true,"href":"https:\/\/deccore.com.br\/loja\/wp-json\/wp\/v2\/media\/8884"}],"wp:attachment":[{"href":"https:\/\/deccore.com.br\/loja\/wp-json\/wp\/v2\/media?parent=8883"}],"wp:term":[{"taxonomy":"product_brand","embeddable":true,"href":"https:\/\/deccore.com.br\/loja\/wp-json\/wp\/v2\/product_brand?post=8883"},{"taxonomy":"product_cat","embeddable":true,"href":"https:\/\/deccore.com.br\/loja\/wp-json\/wp\/v2\/product_cat?post=8883"},{"taxonomy":"product_tag","embeddable":true,"href":"https:\/\/deccore.com.br\/loja\/wp-json\/wp\/v2\/product_tag?post=8883"}],"curies":[{"name":"wp","href":"https:\/\/api.w.org\/{rel}","templated":true}]}}