{"id":8911,"date":"2022-05-16T18:46:16","date_gmt":"2022-05-16T18:46:16","guid":{"rendered":"https:\/\/deccore.com.br\/loja\/?post_type=product&#038;p=8911"},"modified":"2022-05-16T18:46:16","modified_gmt":"2022-05-16T18:46:16","slug":"marcelo-ligieri-arquiteto-e-designer","status":"publish","type":"product","link":"https:\/\/deccore.com.br\/loja\/product\/marcelo-ligieri-arquiteto-e-designer\/","title":{"rendered":"MARCELO LIGIERI &#8211; ARQUITETO E DESIGNER"},"content":{"rendered":"","protected":false},"excerpt":{"rendered":"<p>Marcelo Ligieri \u00e9 arquiteto, designer, diretor de cria\u00e7\u00e3o e atual propriet\u00e1rio da empresa FORM \u2013 especializada em fabrica\u00e7\u00e3o de m\u00f3veis contempor\u00e2neos assinados por ele. Para al\u00e9m de sua vasta experi\u00eancia na ind\u00fastria moveleira exercendo o cargo de diretor de cria\u00e7\u00e3o em uma multinacional, o mineiro tamb\u00e9m j\u00e1 foi professor na UEMG \u2013 Universidade do estado de Minas Gerais durante seis anos.<\/p>\n<p>Seu portf\u00f3lio conta com mais de quinhentos produtos e ainda com premia\u00e7\u00f5es no IF PRODUCT DESIGN AWARD \u2013 o selo de design mais importante do mundo, promovido pela Alemanha. O not\u00f3rio saber de Marcelo Ligieri sobre processos industriais e pesquisa de mercado fazem com que seu trabalho de desenvolvimento de produtos tenha reconhecimento e relev\u00e2ncia tanto no mercado nacional quanto no mercado internacional.<\/p>\n<p>A FORM \u00e9 uma f\u00e1brica de m\u00f3veis contempor\u00e2neos que atrav\u00e9s de uma tecnologia industrial especifica desenvolve produtos com uma maior liberdade pl\u00e1stica, al\u00e9m disso a utiliza\u00e7\u00e3o das mat\u00e9rias primas \u00e9 racional. Com isso, a empresa se destaca no setor pelo resultado est\u00e9tico minimalista aliado a um posicionamento exclusivo.<\/p>\n","protected":false},"featured_media":8912,"template":"","meta":[],"product_brand":[],"product_cat":[15],"product_tag":[],"class_list":{"0":"post-8911","1":"product","2":"type-product","3":"status-publish","4":"has-post-thumbnail","6":"product_cat-uncategorized","8":"first","9":"instock","10":"shipping-taxable","11":"product-type-simple"},"_links":{"self":[{"href":"https:\/\/deccore.com.br\/loja\/wp-json\/wp\/v2\/product\/8911","targetHints":{"allow":["GET"]}}],"collection":[{"href":"https:\/\/deccore.com.br\/loja\/wp-json\/wp\/v2\/product"}],"about":[{"href":"https:\/\/deccore.com.br\/loja\/wp-json\/wp\/v2\/types\/product"}],"version-history":[{"count":2,"href":"https:\/\/deccore.com.br\/loja\/wp-json\/wp\/v2\/product\/8911\/revisions"}],"predecessor-version":[{"id":9441,"href":"https:\/\/deccore.com.br\/loja\/wp-json\/wp\/v2\/product\/8911\/revisions\/9441"}],"wp:featuredmedia":[{"embeddable":true,"href":"https:\/\/deccore.com.br\/loja\/wp-json\/wp\/v2\/media\/8912"}],"wp:attachment":[{"href":"https:\/\/deccore.com.br\/loja\/wp-json\/wp\/v2\/media?parent=8911"}],"wp:term":[{"taxonomy":"product_brand","embeddable":true,"href":"https:\/\/deccore.com.br\/loja\/wp-json\/wp\/v2\/product_brand?post=8911"},{"taxonomy":"product_cat","embeddable":true,"href":"https:\/\/deccore.com.br\/loja\/wp-json\/wp\/v2\/product_cat?post=8911"},{"taxonomy":"product_tag","embeddable":true,"href":"https:\/\/deccore.com.br\/loja\/wp-json\/wp\/v2\/product_tag?post=8911"}],"curies":[{"name":"wp","href":"https:\/\/api.w.org\/{rel}","templated":true}]}}