{"id":8914,"date":"2022-05-16T18:52:45","date_gmt":"2022-05-16T18:52:45","guid":{"rendered":"https:\/\/deccore.com.br\/loja\/?post_type=product&#038;p=8914"},"modified":"2022-05-16T18:52:45","modified_gmt":"2022-05-16T18:52:45","slug":"ale-alvarenga-desenhista-insdustrial","status":"publish","type":"product","link":"https:\/\/deccore.com.br\/loja\/product\/ale-alvarenga-desenhista-insdustrial\/","title":{"rendered":"ALE ALVARENGA &#8211; DESENHISTA INSDUSTRIAL"},"content":{"rendered":"","protected":false},"excerpt":{"rendered":"<p>\u00c1le Alvarenga une o pensamento criativo e seu profundo conhecimento industrial para desenvolver, com est\u00e9tica sofisticada, objetos simples e funcionais.<\/p>\n<p>Sua inspira\u00e7\u00e3o \u00e9 alimentada por incans\u00e1veis pesquisas e por um olhar atento ao mercado e ao comportamento humano.<\/p>\n<p>Como desenhista industrial, \u00c1le Alvarenga possui uma s\u00f3lida carreira. J\u00e1 atuou na ind\u00fastria de joias, moda, brinquedos, instrumentos cir\u00fargicos, tecidos e metais sanit\u00e1rios. No setor de mobili\u00e1rio e objetos, colabora com diversas marcas como diretor de arte e curador.<\/p>\n","protected":false},"featured_media":8915,"template":"","meta":[],"product_brand":[],"product_cat":[15],"product_tag":[],"class_list":{"0":"post-8914","1":"product","2":"type-product","3":"status-publish","4":"has-post-thumbnail","6":"product_cat-uncategorized","8":"first","9":"instock","10":"shipping-taxable","11":"product-type-simple"},"_links":{"self":[{"href":"https:\/\/deccore.com.br\/loja\/wp-json\/wp\/v2\/product\/8914","targetHints":{"allow":["GET"]}}],"collection":[{"href":"https:\/\/deccore.com.br\/loja\/wp-json\/wp\/v2\/product"}],"about":[{"href":"https:\/\/deccore.com.br\/loja\/wp-json\/wp\/v2\/types\/product"}],"version-history":[{"count":1,"href":"https:\/\/deccore.com.br\/loja\/wp-json\/wp\/v2\/product\/8914\/revisions"}],"predecessor-version":[{"id":8916,"href":"https:\/\/deccore.com.br\/loja\/wp-json\/wp\/v2\/product\/8914\/revisions\/8916"}],"wp:featuredmedia":[{"embeddable":true,"href":"https:\/\/deccore.com.br\/loja\/wp-json\/wp\/v2\/media\/8915"}],"wp:attachment":[{"href":"https:\/\/deccore.com.br\/loja\/wp-json\/wp\/v2\/media?parent=8914"}],"wp:term":[{"taxonomy":"product_brand","embeddable":true,"href":"https:\/\/deccore.com.br\/loja\/wp-json\/wp\/v2\/product_brand?post=8914"},{"taxonomy":"product_cat","embeddable":true,"href":"https:\/\/deccore.com.br\/loja\/wp-json\/wp\/v2\/product_cat?post=8914"},{"taxonomy":"product_tag","embeddable":true,"href":"https:\/\/deccore.com.br\/loja\/wp-json\/wp\/v2\/product_tag?post=8914"}],"curies":[{"name":"wp","href":"https:\/\/api.w.org\/{rel}","templated":true}]}}