{"id":8929,"date":"2022-05-17T17:54:44","date_gmt":"2022-05-17T17:54:44","guid":{"rendered":"https:\/\/deccore.com.br\/loja\/?post_type=product&#038;p=8929"},"modified":"2024-10-09T15:05:50","modified_gmt":"2024-10-09T15:05:50","slug":"sofa-lit-sg-encomenda-pode-ser-usado-como-cama","status":"publish","type":"product","link":"https:\/\/deccore.com.br\/loja\/product\/sofa-lit-sg-encomenda-pode-ser-usado-como-cama\/","title":{"rendered":"SOF\u00c1 LIT &#8211; SG &#8211; ENCOMENDA &#8211; PODE SER USADO COMO CAMA. SOB. ENCOMENDA"},"content":{"rendered":"","protected":false},"excerpt":{"rendered":"<p>Descri\u00e7\u00e3o Altura (cm) Profundidade (cm) Largura (cm)<br \/>\nM\u00f3dulo retr\u00e1til 80 cm sem bra\u00e7o 97 98+50 80<br \/>\nM\u00f3dulo retr\u00e1til 90 cm sem bra\u00e7o 97 98+50 90<br \/>\nM\u00f3dulo retr\u00e1til 100 cm sem bra\u00e7o 97 98+50 100<br \/>\nM\u00f3dulo retr\u00e1til 110 cm sem bra\u00e7o 97 98+50 110<br \/>\nM\u00f3dulo retr\u00e1til 120 cm sem bra\u00e7o 97 98+50 120<br \/>\nBra\u00e7o 69 94 8<\/p>\n<p>Assento retr\u00e1til com molas bonnel, espuma D 28 e fibra manta.<br \/>\nAlmofadas de encosto solta com fibra siliconada e fibra manta.<br \/>\nComposi\u00e7\u00e3o da foto: 2 bra\u00e7os 8 cm + 2 m\u00f3dulos 100 cm<br \/>\nTecido da foto: 180<\/p>\n","protected":false},"featured_media":8930,"template":"","meta":[],"product_brand":[],"product_cat":[85,65],"product_tag":[],"class_list":{"0":"post-8929","1":"product","2":"type-product","3":"status-publish","4":"has-post-thumbnail","6":"product_cat-estofados","7":"product_cat-sofas-2","9":"first","10":"onbackorder","11":"shipping-taxable","12":"product-type-simple"},"_links":{"self":[{"href":"https:\/\/deccore.com.br\/loja\/wp-json\/wp\/v2\/product\/8929","targetHints":{"allow":["GET"]}}],"collection":[{"href":"https:\/\/deccore.com.br\/loja\/wp-json\/wp\/v2\/product"}],"about":[{"href":"https:\/\/deccore.com.br\/loja\/wp-json\/wp\/v2\/types\/product"}],"version-history":[{"count":2,"href":"https:\/\/deccore.com.br\/loja\/wp-json\/wp\/v2\/product\/8929\/revisions"}],"predecessor-version":[{"id":15576,"href":"https:\/\/deccore.com.br\/loja\/wp-json\/wp\/v2\/product\/8929\/revisions\/15576"}],"wp:featuredmedia":[{"embeddable":true,"href":"https:\/\/deccore.com.br\/loja\/wp-json\/wp\/v2\/media\/8930"}],"wp:attachment":[{"href":"https:\/\/deccore.com.br\/loja\/wp-json\/wp\/v2\/media?parent=8929"}],"wp:term":[{"taxonomy":"product_brand","embeddable":true,"href":"https:\/\/deccore.com.br\/loja\/wp-json\/wp\/v2\/product_brand?post=8929"},{"taxonomy":"product_cat","embeddable":true,"href":"https:\/\/deccore.com.br\/loja\/wp-json\/wp\/v2\/product_cat?post=8929"},{"taxonomy":"product_tag","embeddable":true,"href":"https:\/\/deccore.com.br\/loja\/wp-json\/wp\/v2\/product_tag?post=8929"}],"curies":[{"name":"wp","href":"https:\/\/api.w.org\/{rel}","templated":true}]}}