{"id":8934,"date":"2022-05-18T17:15:58","date_gmt":"2022-05-18T17:15:58","guid":{"rendered":"https:\/\/deccore.com.br\/loja\/?post_type=product&#038;p=8934"},"modified":"2022-05-18T17:15:59","modified_gmt":"2022-05-18T17:15:59","slug":"mauricio-bomfim-designer-de-produtos","status":"publish","type":"product","link":"https:\/\/deccore.com.br\/loja\/product\/mauricio-bomfim-designer-de-produtos\/","title":{"rendered":"MAURICIO BOMFIM &#8211; DESIGNER DE PRODUTOS."},"content":{"rendered":"","protected":false},"excerpt":{"rendered":"<p>O caminho percorrido pelo mineiro Mauricio Bomfim at\u00e9 assumir o design de m\u00f3veis autorais que tem destacado seu nome no mercado come\u00e7ou com o exerc\u00edcio do olhar, do toque, da observa\u00e7\u00e3o dos detalhes.\u00a0 Passou tamb\u00e9m pela exig\u00eancia de ter que entender sobre qualidade, conforto, durabilidade e ter que estar sempre atento \u00e0s novidades e tend\u00eancias do setor. \u00c9 que essa hist\u00f3ria que desembarca no momento atual teve in\u00edcio quando Maur\u00edcio trabalhava como gerente de uma loja no ramo moveleiro. \u201cO design caiu no meu colo, foi uma coisa incr\u00edvel e veio transformar a minha vida\u201d, comenta. Depois da primeira experi\u00eancia, ele trabalhou para uma grande rede de m\u00f3veis em Belo Horizonte, atuando ainda na curadoria de mobili\u00e1rio e ainda definindo a imagem e o layout das lojas.<\/p>\n","protected":false},"featured_media":8935,"template":"","meta":[],"product_brand":[],"product_cat":[15],"product_tag":[],"class_list":{"0":"post-8934","1":"product","2":"type-product","3":"status-publish","4":"has-post-thumbnail","6":"product_cat-uncategorized","8":"first","9":"instock","10":"shipping-taxable","11":"product-type-simple"},"_links":{"self":[{"href":"https:\/\/deccore.com.br\/loja\/wp-json\/wp\/v2\/product\/8934","targetHints":{"allow":["GET"]}}],"collection":[{"href":"https:\/\/deccore.com.br\/loja\/wp-json\/wp\/v2\/product"}],"about":[{"href":"https:\/\/deccore.com.br\/loja\/wp-json\/wp\/v2\/types\/product"}],"version-history":[{"count":1,"href":"https:\/\/deccore.com.br\/loja\/wp-json\/wp\/v2\/product\/8934\/revisions"}],"predecessor-version":[{"id":8936,"href":"https:\/\/deccore.com.br\/loja\/wp-json\/wp\/v2\/product\/8934\/revisions\/8936"}],"wp:featuredmedia":[{"embeddable":true,"href":"https:\/\/deccore.com.br\/loja\/wp-json\/wp\/v2\/media\/8935"}],"wp:attachment":[{"href":"https:\/\/deccore.com.br\/loja\/wp-json\/wp\/v2\/media?parent=8934"}],"wp:term":[{"taxonomy":"product_brand","embeddable":true,"href":"https:\/\/deccore.com.br\/loja\/wp-json\/wp\/v2\/product_brand?post=8934"},{"taxonomy":"product_cat","embeddable":true,"href":"https:\/\/deccore.com.br\/loja\/wp-json\/wp\/v2\/product_cat?post=8934"},{"taxonomy":"product_tag","embeddable":true,"href":"https:\/\/deccore.com.br\/loja\/wp-json\/wp\/v2\/product_tag?post=8934"}],"curies":[{"name":"wp","href":"https:\/\/api.w.org\/{rel}","templated":true}]}}