{"id":9020,"date":"2022-05-23T17:05:58","date_gmt":"2022-05-23T17:05:58","guid":{"rendered":"https:\/\/deccore.com.br\/loja\/?post_type=product&#038;p=9020"},"modified":"2022-05-23T17:05:58","modified_gmt":"2022-05-23T17:05:58","slug":"quadros-e-pecas-de-decoracao-a-pronta-entrega","status":"publish","type":"product","link":"https:\/\/deccore.com.br\/loja\/product\/quadros-e-pecas-de-decoracao-a-pronta-entrega\/","title":{"rendered":"QUADROS E PE\u00c7AS DE DECORA\u00c7\u00c3O &#8211; \u00c0 PRONTA ENTREGA."},"content":{"rendered":"","protected":false},"excerpt":{"rendered":"","protected":false},"featured_media":9022,"template":"","meta":[],"product_brand":[],"product_cat":[15,63],"product_tag":[],"class_list":{"0":"post-9020","1":"product","2":"type-product","3":"status-publish","4":"has-post-thumbnail","6":"product_cat-uncategorized","7":"product_cat-decoracoes","9":"first","10":"instock","11":"shipping-taxable","12":"product-type-simple"},"_links":{"self":[{"href":"https:\/\/deccore.com.br\/loja\/wp-json\/wp\/v2\/product\/9020","targetHints":{"allow":["GET"]}}],"collection":[{"href":"https:\/\/deccore.com.br\/loja\/wp-json\/wp\/v2\/product"}],"about":[{"href":"https:\/\/deccore.com.br\/loja\/wp-json\/wp\/v2\/types\/product"}],"version-history":[{"count":2,"href":"https:\/\/deccore.com.br\/loja\/wp-json\/wp\/v2\/product\/9020\/revisions"}],"predecessor-version":[{"id":9026,"href":"https:\/\/deccore.com.br\/loja\/wp-json\/wp\/v2\/product\/9020\/revisions\/9026"}],"wp:featuredmedia":[{"embeddable":true,"href":"https:\/\/deccore.com.br\/loja\/wp-json\/wp\/v2\/media\/9022"}],"wp:attachment":[{"href":"https:\/\/deccore.com.br\/loja\/wp-json\/wp\/v2\/media?parent=9020"}],"wp:term":[{"taxonomy":"product_brand","embeddable":true,"href":"https:\/\/deccore.com.br\/loja\/wp-json\/wp\/v2\/product_brand?post=9020"},{"taxonomy":"product_cat","embeddable":true,"href":"https:\/\/deccore.com.br\/loja\/wp-json\/wp\/v2\/product_cat?post=9020"},{"taxonomy":"product_tag","embeddable":true,"href":"https:\/\/deccore.com.br\/loja\/wp-json\/wp\/v2\/product_tag?post=9020"}],"curies":[{"name":"wp","href":"https:\/\/api.w.org\/{rel}","templated":true}]}}