{"id":9048,"date":"2022-05-24T17:15:47","date_gmt":"2022-05-24T17:15:47","guid":{"rendered":"https:\/\/deccore.com.br\/loja\/?post_type=product&#038;p=9048"},"modified":"2022-07-21T16:15:12","modified_gmt":"2022-07-21T16:15:12","slug":"coluna-sakura-pronta-entrega","status":"publish","type":"product","link":"https:\/\/deccore.com.br\/loja\/product\/coluna-sakura-pronta-entrega\/","title":{"rendered":"COLUNA SAKURA &#8211; PRONTA ENTREGA"},"content":{"rendered":"<p>Lumin\u00e1ria Coluna Sakura assinada pela AsaDesign Studio.<\/p>\n<p>Com um design contempor\u00e2neo e sofisticado, esta lumin\u00e1ria tem a c\u00fapula laminada em madeira e astes em a\u00e7o carbono.<\/p>\n","protected":false},"excerpt":{"rendered":"<p>Lumin\u00e1ria Coluna Sakura assinada pela AsaDesign Studio. Com um design contempor\u00e2neo e sofisticado, esta lumin\u00e1ria tem a c\u00fapula laminada em madeira e astes em a\u00e7o carbono.<\/p>\n","protected":false},"featured_media":9049,"template":"","meta":[],"product_brand":[],"product_cat":[15,63,77],"product_tag":[],"class_list":{"0":"post-9048","1":"product","2":"type-product","3":"status-publish","4":"has-post-thumbnail","6":"product_cat-uncategorized","7":"product_cat-decoracoes","8":"product_cat-luminaria","10":"first","11":"instock","12":"shipping-taxable","13":"product-type-simple"},"_links":{"self":[{"href":"https:\/\/deccore.com.br\/loja\/wp-json\/wp\/v2\/product\/9048","targetHints":{"allow":["GET"]}}],"collection":[{"href":"https:\/\/deccore.com.br\/loja\/wp-json\/wp\/v2\/product"}],"about":[{"href":"https:\/\/deccore.com.br\/loja\/wp-json\/wp\/v2\/types\/product"}],"version-history":[{"count":3,"href":"https:\/\/deccore.com.br\/loja\/wp-json\/wp\/v2\/product\/9048\/revisions"}],"predecessor-version":[{"id":9695,"href":"https:\/\/deccore.com.br\/loja\/wp-json\/wp\/v2\/product\/9048\/revisions\/9695"}],"wp:featuredmedia":[{"embeddable":true,"href":"https:\/\/deccore.com.br\/loja\/wp-json\/wp\/v2\/media\/9049"}],"wp:attachment":[{"href":"https:\/\/deccore.com.br\/loja\/wp-json\/wp\/v2\/media?parent=9048"}],"wp:term":[{"taxonomy":"product_brand","embeddable":true,"href":"https:\/\/deccore.com.br\/loja\/wp-json\/wp\/v2\/product_brand?post=9048"},{"taxonomy":"product_cat","embeddable":true,"href":"https:\/\/deccore.com.br\/loja\/wp-json\/wp\/v2\/product_cat?post=9048"},{"taxonomy":"product_tag","embeddable":true,"href":"https:\/\/deccore.com.br\/loja\/wp-json\/wp\/v2\/product_tag?post=9048"}],"curies":[{"name":"wp","href":"https:\/\/api.w.org\/{rel}","templated":true}]}}