{"id":9190,"date":"2022-06-06T13:08:05","date_gmt":"2022-06-06T13:08:05","guid":{"rendered":"https:\/\/deccore.com.br\/loja\/?post_type=product&#038;p=9190"},"modified":"2024-11-08T15:46:59","modified_gmt":"2024-11-08T15:46:59","slug":"poltrona-luigi-02-pecas-com-30-de-deconto-a-vista-pronta-entrega","status":"publish","type":"product","link":"https:\/\/deccore.com.br\/loja\/product\/poltrona-luigi-02-pecas-com-30-de-deconto-a-vista-pronta-entrega\/","title":{"rendered":"POLTRONA LUIGI &#8211; 01 PE\u00c7AS \u00c0 PRONTA ENTREGA COM 60% DE DESCONTO \u00c0 VISTA.. &#8211; 22374"},"content":{"rendered":"","protected":false},"excerpt":{"rendered":"<p>MEDIDAS:0.73X0.90X0.95<\/p>\n<p>01 PE\u00c7AS COM DESCONTO ESPECIAL PARA PAGAMENTO \u00c0 VISTA.<\/p>\n<p>*VALOR UNIT\u00c1RIO.<\/p>\n","protected":false},"featured_media":9191,"template":"","meta":[],"product_brand":[],"product_cat":[15,59,64],"product_tag":[],"class_list":{"0":"post-9190","1":"product","2":"type-product","3":"status-publish","4":"has-post-thumbnail","6":"product_cat-uncategorized","7":"product_cat-outlet","8":"product_cat-poltronas","10":"first","11":"instock","12":"shipping-taxable","13":"product-type-simple"},"_links":{"self":[{"href":"https:\/\/deccore.com.br\/loja\/wp-json\/wp\/v2\/product\/9190","targetHints":{"allow":["GET"]}}],"collection":[{"href":"https:\/\/deccore.com.br\/loja\/wp-json\/wp\/v2\/product"}],"about":[{"href":"https:\/\/deccore.com.br\/loja\/wp-json\/wp\/v2\/types\/product"}],"version-history":[{"count":12,"href":"https:\/\/deccore.com.br\/loja\/wp-json\/wp\/v2\/product\/9190\/revisions"}],"predecessor-version":[{"id":15391,"href":"https:\/\/deccore.com.br\/loja\/wp-json\/wp\/v2\/product\/9190\/revisions\/15391"}],"wp:featuredmedia":[{"embeddable":true,"href":"https:\/\/deccore.com.br\/loja\/wp-json\/wp\/v2\/media\/9191"}],"wp:attachment":[{"href":"https:\/\/deccore.com.br\/loja\/wp-json\/wp\/v2\/media?parent=9190"}],"wp:term":[{"taxonomy":"product_brand","embeddable":true,"href":"https:\/\/deccore.com.br\/loja\/wp-json\/wp\/v2\/product_brand?post=9190"},{"taxonomy":"product_cat","embeddable":true,"href":"https:\/\/deccore.com.br\/loja\/wp-json\/wp\/v2\/product_cat?post=9190"},{"taxonomy":"product_tag","embeddable":true,"href":"https:\/\/deccore.com.br\/loja\/wp-json\/wp\/v2\/product_tag?post=9190"}],"curies":[{"name":"wp","href":"https:\/\/api.w.org\/{rel}","templated":true}]}}