{"id":9194,"date":"2022-06-06T13:33:44","date_gmt":"2022-06-06T13:33:44","guid":{"rendered":"https:\/\/deccore.com.br\/loja\/?post_type=product&#038;p=9194"},"modified":"2026-03-24T14:19:05","modified_gmt":"2026-03-24T14:19:05","slug":"mesa-de-centro-lys-pronta-entrega-lazz","status":"publish","type":"product","link":"https:\/\/deccore.com.br\/loja\/product\/mesa-de-centro-lys-pronta-entrega-lazz\/","title":{"rendered":"MESA CENTRO LYS &#8212; LAZZ &#8211; 22758"},"content":{"rendered":"<p>As mesas de centro s\u00e3o componentes essenciais de qualquer decora\u00e7\u00e3o, pois ocupam o espa\u00e7o enquanto se misturam com o restante do design do ambiente, al\u00e9m da funcionalidade.<\/p>\n","protected":false},"excerpt":{"rendered":"<p>EM DUAS MEDIDAS 1.60X0.40X0.30 E 1.60X0.60X0.30.<\/p>\n<p>POR ENCOMENDA V\u00c1RIAS OP\u00c7\u00d5ES DE ACABAMENTOS.<\/p>\n","protected":false},"featured_media":9195,"template":"","meta":[],"product_brand":[],"product_cat":[15],"product_tag":[],"class_list":{"0":"post-9194","1":"product","2":"type-product","3":"status-publish","4":"has-post-thumbnail","6":"product_cat-uncategorized","8":"first","9":"onbackorder","10":"shipping-taxable","11":"product-type-simple"},"_links":{"self":[{"href":"https:\/\/deccore.com.br\/loja\/wp-json\/wp\/v2\/product\/9194","targetHints":{"allow":["GET"]}}],"collection":[{"href":"https:\/\/deccore.com.br\/loja\/wp-json\/wp\/v2\/product"}],"about":[{"href":"https:\/\/deccore.com.br\/loja\/wp-json\/wp\/v2\/types\/product"}],"version-history":[{"count":5,"href":"https:\/\/deccore.com.br\/loja\/wp-json\/wp\/v2\/product\/9194\/revisions"}],"predecessor-version":[{"id":16434,"href":"https:\/\/deccore.com.br\/loja\/wp-json\/wp\/v2\/product\/9194\/revisions\/16434"}],"wp:featuredmedia":[{"embeddable":true,"href":"https:\/\/deccore.com.br\/loja\/wp-json\/wp\/v2\/media\/9195"}],"wp:attachment":[{"href":"https:\/\/deccore.com.br\/loja\/wp-json\/wp\/v2\/media?parent=9194"}],"wp:term":[{"taxonomy":"product_brand","embeddable":true,"href":"https:\/\/deccore.com.br\/loja\/wp-json\/wp\/v2\/product_brand?post=9194"},{"taxonomy":"product_cat","embeddable":true,"href":"https:\/\/deccore.com.br\/loja\/wp-json\/wp\/v2\/product_cat?post=9194"},{"taxonomy":"product_tag","embeddable":true,"href":"https:\/\/deccore.com.br\/loja\/wp-json\/wp\/v2\/product_tag?post=9194"}],"curies":[{"name":"wp","href":"https:\/\/api.w.org\/{rel}","templated":true}]}}