{"id":9223,"date":"2022-06-06T18:49:39","date_gmt":"2022-06-06T18:49:39","guid":{"rendered":"https:\/\/deccore.com.br\/loja\/?post_type=product&#038;p=9223"},"modified":"2024-11-13T15:42:57","modified_gmt":"2024-11-13T15:42:57","slug":"mesa-centro-passagio-1-00-diametro-pronta-entrega","status":"publish","type":"product","link":"https:\/\/deccore.com.br\/loja\/product\/mesa-centro-passagio-1-00-diametro-pronta-entrega\/","title":{"rendered":"MESA CENTRO PASSAGIO &#8211; 1.00 X 0.24 DI\u00c2METRO"},"content":{"rendered":"","protected":false},"excerpt":{"rendered":"<p>DESIGN: RAMON ZANCANARO.<\/p>\n<p>Ramon Zancanaro cresceu em uma fam\u00edlia de marceneiros, serralheiros e artistas de descend\u00eancia europ\u00e9ia. Apesar de ter estudado mec\u00e2nica, percebeu que estava destinado a seguir a sina da fam\u00edlia e dedicar-se a arte e design. Como artista, teve trabalhos de grande influ\u00eancia mundo a fora, sendo 4 deles citados entre os 400 melhores do s\u00e9culo 21. Fortemente influenciadas pelo design Italiano, as experi\u00eancias desse catarinense com mobili\u00e1rio se materializam em desenhos bem resolvidos, propor\u00e7\u00f5es agrad\u00e1veis e uma eleg\u00e2ncia atemporal. \u201cManifesto minhas inspira\u00e7\u00f5es por meio do equil\u00edbrio da imagina\u00e7\u00e3o e maestria t\u00e9cnica. Curioso e apaixonado, expresso em cada projeto autoral, conceitos que aliam est\u00e9tica e funcionalidade para compor cen\u00e1rios singulares e aut\u00eanticos na casa de meus clientes.\u201d<\/p>\n","protected":false},"featured_media":9224,"template":"","meta":[],"product_brand":[],"product_cat":[15,76],"product_tag":[],"class_list":{"0":"post-9223","1":"product","2":"type-product","3":"status-publish","4":"has-post-thumbnail","6":"product_cat-uncategorized","7":"product_cat-mesa-centro","9":"first","10":"onbackorder","11":"shipping-taxable","12":"product-type-simple"},"_links":{"self":[{"href":"https:\/\/deccore.com.br\/loja\/wp-json\/wp\/v2\/product\/9223","targetHints":{"allow":["GET"]}}],"collection":[{"href":"https:\/\/deccore.com.br\/loja\/wp-json\/wp\/v2\/product"}],"about":[{"href":"https:\/\/deccore.com.br\/loja\/wp-json\/wp\/v2\/types\/product"}],"version-history":[{"count":5,"href":"https:\/\/deccore.com.br\/loja\/wp-json\/wp\/v2\/product\/9223\/revisions"}],"predecessor-version":[{"id":15751,"href":"https:\/\/deccore.com.br\/loja\/wp-json\/wp\/v2\/product\/9223\/revisions\/15751"}],"wp:featuredmedia":[{"embeddable":true,"href":"https:\/\/deccore.com.br\/loja\/wp-json\/wp\/v2\/media\/9224"}],"wp:attachment":[{"href":"https:\/\/deccore.com.br\/loja\/wp-json\/wp\/v2\/media?parent=9223"}],"wp:term":[{"taxonomy":"product_brand","embeddable":true,"href":"https:\/\/deccore.com.br\/loja\/wp-json\/wp\/v2\/product_brand?post=9223"},{"taxonomy":"product_cat","embeddable":true,"href":"https:\/\/deccore.com.br\/loja\/wp-json\/wp\/v2\/product_cat?post=9223"},{"taxonomy":"product_tag","embeddable":true,"href":"https:\/\/deccore.com.br\/loja\/wp-json\/wp\/v2\/product_tag?post=9223"}],"curies":[{"name":"wp","href":"https:\/\/api.w.org\/{rel}","templated":true}]}}