{"id":9338,"date":"2022-06-13T16:09:09","date_gmt":"2022-06-13T16:09:09","guid":{"rendered":"https:\/\/deccore.com.br\/loja\/?post_type=product&#038;p=9338"},"modified":"2022-06-15T16:22:12","modified_gmt":"2022-06-15T16:22:12","slug":"mesa-jantar-elo-novidade-na-deccore-home","status":"publish","type":"product","link":"https:\/\/deccore.com.br\/loja\/product\/mesa-jantar-elo-novidade-na-deccore-home\/","title":{"rendered":"MESA JANTAR ELO &#8211; ENCOMENDA"},"content":{"rendered":"","protected":false},"excerpt":{"rendered":"<p>DESIGNER: LARISSA DIEGOLI<\/p>\n<p>OP\u00c7\u00d5ES DE MEDIDAS DISPON\u00cdVEIS:<\/p>\n<p>&nbsp;<\/p>\n<p>1,80&#215;0,90&#215;0,76\u00a0 \u00a0 \u00a0 \u00a0 \u00a0 \u00a0 \u00a0 \u00a0 \u00a0 \u00a0 \u00a0 \u00a0 \u00a0 \u00a0 \u00a0 \u00a0 \u00a0 \u00a0 \u00a0 \u00a0 \u00a0 \u00a0 \u00a0 \u00a0 \u00a0 \u00a0 \u00a0 \u00a0 \u00a0 \u00a0 \u00a0 \u00a0 \u00a0 \u00a0 \u00a0 \u00a0 \u00a0 2,10&#215;1,05&#215;0,76\u00a0 \u00a0 \u00a0 \u00a0 \u00a0 \u00a0 \u00a0 \u00a0 \u00a0 \u00a0 \u00a0 \u00a0 \u00a0 \u00a0 \u00a0 \u00a0 \u00a0 \u00a0 \u00a0 \u00a0 \u00a0 \u00a0 \u00a0 \u00a0 \u00a0 \u00a0 \u00a0 \u00a0 \u00a0 \u00a0 \u00a0 \u00a0 \u00a0 \u00a0 \u00a0 \u00a0 \u00a0 \u00a0 \u00a0 \u00a0 2,30&#215;1,15&#215;0,76\u00a0 \u00a0 \u00a0 \u00a0 \u00a0 \u00a0 \u00a0 \u00a0 \u00a0 \u00a0 \u00a0 \u00a0 \u00a0 \u00a0 \u00a0 \u00a0 \u00a0 \u00a0 \u00a0 \u00a0 \u00a0 \u00a0 \u00a0 \u00a0 \u00a0 \u00a0 \u00a0 \u00a0 \u00a0 \u00a0 \u00a0 \u00a0 \u00a0 2,50&#215;1,30&#215;0,76\u00a0 \u00a0 \u00a0 \u00a0 \u00a0 \u00a0 \u00a0 \u00a0 \u00a0 \u00a0 \u00a0 \u00a0 \u00a0 \u00a0 \u00a0 \u00a0 \u00a0 \u00a0 \u00a0 \u00a0 \u00a0 \u00a0 \u00a0 \u00a0 \u00a0 \u00a0 \u00a0 \u00a0 \u00a0 2,70&#215;1,30&#215;0,76<\/p>\n<p>OP\u00c7\u00d5ES DE ACABAMENTOS.<\/p>\n","protected":false},"featured_media":9378,"template":"","meta":[],"product_brand":[],"product_cat":[15,69],"product_tag":[],"class_list":{"0":"post-9338","1":"product","2":"type-product","3":"status-publish","4":"has-post-thumbnail","6":"product_cat-uncategorized","7":"product_cat-mesa-jantar","9":"first","10":"instock","11":"shipping-taxable","12":"product-type-simple"},"_links":{"self":[{"href":"https:\/\/deccore.com.br\/loja\/wp-json\/wp\/v2\/product\/9338","targetHints":{"allow":["GET"]}}],"collection":[{"href":"https:\/\/deccore.com.br\/loja\/wp-json\/wp\/v2\/product"}],"about":[{"href":"https:\/\/deccore.com.br\/loja\/wp-json\/wp\/v2\/types\/product"}],"version-history":[{"count":2,"href":"https:\/\/deccore.com.br\/loja\/wp-json\/wp\/v2\/product\/9338\/revisions"}],"predecessor-version":[{"id":9377,"href":"https:\/\/deccore.com.br\/loja\/wp-json\/wp\/v2\/product\/9338\/revisions\/9377"}],"wp:featuredmedia":[{"embeddable":true,"href":"https:\/\/deccore.com.br\/loja\/wp-json\/wp\/v2\/media\/9378"}],"wp:attachment":[{"href":"https:\/\/deccore.com.br\/loja\/wp-json\/wp\/v2\/media?parent=9338"}],"wp:term":[{"taxonomy":"product_brand","embeddable":true,"href":"https:\/\/deccore.com.br\/loja\/wp-json\/wp\/v2\/product_brand?post=9338"},{"taxonomy":"product_cat","embeddable":true,"href":"https:\/\/deccore.com.br\/loja\/wp-json\/wp\/v2\/product_cat?post=9338"},{"taxonomy":"product_tag","embeddable":true,"href":"https:\/\/deccore.com.br\/loja\/wp-json\/wp\/v2\/product_tag?post=9338"}],"curies":[{"name":"wp","href":"https:\/\/api.w.org\/{rel}","templated":true}]}}