{"id":9499,"date":"2022-07-04T19:01:35","date_gmt":"2022-07-04T19:01:35","guid":{"rendered":"https:\/\/deccore.com.br\/loja\/?post_type=product&#038;p=9499"},"modified":"2024-10-09T15:02:25","modified_gmt":"2024-10-09T15:02:25","slug":"estofado-dali-sg-encomenda-designer-daniela-ziegler","status":"publish","type":"product","link":"https:\/\/deccore.com.br\/loja\/product\/estofado-dali-sg-encomenda-designer-daniela-ziegler\/","title":{"rendered":"ESTOFADO DAL\u00cd &#8211; SG &#8211; SOB. ENCOMENDA &#8211; DESIGNER: DANIELA ZIEGLER"},"content":{"rendered":"","protected":false},"excerpt":{"rendered":"<div class=\"product__details__last__option\">\n<p>Chaise 122 cm com 1 bra\u00e7o e 1 mesa + Sof\u00e1 mesa &#8211; sof\u00e1 fixo 240 cm sem bra\u00e7o + Sof\u00e1 fixo 244 cm com 2 bra\u00e7os<\/p>\n<\/div>\n<div class=\"product__details__last__option\">\n<table border=\"1\">\n<tbody>\n<tr>\n<td><strong>Descri\u00e7\u00e3o<\/strong><\/td>\n<td><strong>Altura cm<\/strong><\/td>\n<td><strong>Profundidade cm<\/strong><\/td>\n<td><strong>Largura cm<\/strong><\/td>\n<\/tr>\n<tr>\n<td><strong>Bra\u00e7o<\/strong><\/td>\n<td>69<\/td>\n<td>100<\/td>\n<td>22<\/td>\n<\/tr>\n<tr>\n<td><strong>Sof\u00e1 204 cm c\/ 2 bra\u00e7os (inteiro)<\/strong><\/td>\n<td>87<\/td>\n<td>100<\/td>\n<td>204<\/td>\n<\/tr>\n<tr>\n<td><strong>Sof\u00e1 224 cm c\/ 2 bra\u00e7os (inteiro)<\/strong><\/td>\n<td>87<\/td>\n<td>100<\/td>\n<td>224<\/td>\n<\/tr>\n<tr>\n<td><strong>Sof\u00e1 244 cm c\/ 2 bra\u00e7os (inteiro)<\/strong><\/td>\n<td>87<\/td>\n<td>100<\/td>\n<td>244<\/td>\n<\/tr>\n<tr>\n<td><strong>Sof\u00e1 264 cm c\/ 2 bra\u00e7os (inteiro)<\/strong><\/td>\n<td>87<\/td>\n<td>100<\/td>\n<td>264<\/td>\n<\/tr>\n<tr>\n<td><strong>Sof\u00e1 284 cm c\/ 2 bra\u00e7os (bipartido)<\/strong><\/td>\n<td>87<\/td>\n<td>100<\/td>\n<td>284<\/td>\n<\/tr>\n<tr>\n<td><strong>Chaise 102 cm c\/ 1 bra\u00e7o e 1 mesa (inteiro)<\/strong><\/td>\n<td>87<\/td>\n<td>165<\/td>\n<td>102<\/td>\n<\/tr>\n<tr>\n<td><strong>Chaise 112 cm c\/ 1 bra\u00e7o e 1 mesa (inteiro)<\/strong><\/td>\n<td>87<\/td>\n<td>165<\/td>\n<td>112<\/td>\n<\/tr>\n<tr>\n<td><strong>Chaise 122 cm c\/ 1 bra\u00e7o e 1 mesa (inteiro)<\/strong><\/td>\n<td>87<\/td>\n<td>165<\/td>\n<td>122<\/td>\n<\/tr>\n<tr>\n<td><strong>Chaise 132 cm c\/ 1 bra\u00e7o e 1 mesa (inteiro)<\/strong><\/td>\n<td>87<\/td>\n<td>165<\/td>\n<td>132<\/td>\n<\/tr>\n<tr>\n<td><strong>Chaise 142 cm c\/ 1 bra\u00e7o e 1 mesa (inteiro)<\/strong><\/td>\n<td>87<\/td>\n<td>165<\/td>\n<td>142<\/td>\n<\/tr>\n<tr>\n<td><strong>Sof\u00e1 mesa &#8211; sof\u00e1 fixo 180 cm s\/ bra\u00e7o c\/1 mesa (inteiro)<\/strong><\/td>\n<td>87<\/td>\n<td>100<\/td>\n<td>180<\/td>\n<\/tr>\n<tr>\n<td><strong>Sof\u00e1 mesa &#8211; sof\u00e1 fixo 200 cm s\/ bra\u00e7o c\/1 mesa (inteiro)<\/strong><\/td>\n<td>87<\/td>\n<td>100<\/td>\n<td>200<\/td>\n<\/tr>\n<tr>\n<td><strong>Sof\u00e1 mesa &#8211; sof\u00e1 fixo 220 cm s\/ bra\u00e7o c\/1 mesa (inteiro)<\/strong><\/td>\n<td>87<\/td>\n<td>100<\/td>\n<td>220<\/td>\n<\/tr>\n<tr>\n<td><strong>Sof\u00e1 mesa &#8211; sof\u00e1 fixo 240 cm s\/ bra\u00e7o c\/1 mesa (inteiro)<\/strong><\/td>\n<td>87<\/td>\n<td>100<\/td>\n<td>240<\/td>\n<\/tr>\n<tr>\n<td><strong>Sof\u00e1 mesa &#8211; sof\u00e1 fixo 260 cm s\/ bra\u00e7o c\/1 mesa (inteiro)<\/strong><\/td>\n<td>87<\/td>\n<td>100<\/td>\n<\/tr>\n<\/tbody>\n<\/table>\n<\/div>\n","protected":false},"featured_media":9500,"template":"","meta":[],"product_brand":[],"product_cat":[85,65],"product_tag":[],"class_list":{"0":"post-9499","1":"product","2":"type-product","3":"status-publish","4":"has-post-thumbnail","6":"product_cat-estofados","7":"product_cat-sofas-2","9":"first","10":"onbackorder","11":"shipping-taxable","12":"product-type-simple"},"_links":{"self":[{"href":"https:\/\/deccore.com.br\/loja\/wp-json\/wp\/v2\/product\/9499","targetHints":{"allow":["GET"]}}],"collection":[{"href":"https:\/\/deccore.com.br\/loja\/wp-json\/wp\/v2\/product"}],"about":[{"href":"https:\/\/deccore.com.br\/loja\/wp-json\/wp\/v2\/types\/product"}],"version-history":[{"count":4,"href":"https:\/\/deccore.com.br\/loja\/wp-json\/wp\/v2\/product\/9499\/revisions"}],"predecessor-version":[{"id":15570,"href":"https:\/\/deccore.com.br\/loja\/wp-json\/wp\/v2\/product\/9499\/revisions\/15570"}],"wp:featuredmedia":[{"embeddable":true,"href":"https:\/\/deccore.com.br\/loja\/wp-json\/wp\/v2\/media\/9500"}],"wp:attachment":[{"href":"https:\/\/deccore.com.br\/loja\/wp-json\/wp\/v2\/media?parent=9499"}],"wp:term":[{"taxonomy":"product_brand","embeddable":true,"href":"https:\/\/deccore.com.br\/loja\/wp-json\/wp\/v2\/product_brand?post=9499"},{"taxonomy":"product_cat","embeddable":true,"href":"https:\/\/deccore.com.br\/loja\/wp-json\/wp\/v2\/product_cat?post=9499"},{"taxonomy":"product_tag","embeddable":true,"href":"https:\/\/deccore.com.br\/loja\/wp-json\/wp\/v2\/product_tag?post=9499"}],"curies":[{"name":"wp","href":"https:\/\/api.w.org\/{rel}","templated":true}]}}