{"id":9536,"date":"2022-07-11T19:41:14","date_gmt":"2022-07-11T19:41:14","guid":{"rendered":"https:\/\/deccore.com.br\/loja\/?post_type=product&#038;p=9536"},"modified":"2023-11-20T17:17:20","modified_gmt":"2023-11-20T17:17:20","slug":"mesa-centro-turim-encomenda","status":"publish","type":"product","link":"https:\/\/deccore.com.br\/loja\/product\/mesa-centro-turim-encomenda\/","title":{"rendered":"MESA CENTRO TURIM &#8211; ENCOMENDA &#8211; 22625"},"content":{"rendered":"","protected":false},"excerpt":{"rendered":"<p>V\u00c1RIAS OP\u00c7\u00d5ES DE MEDIDAS E ACABAMENTOS.<\/p>\n","protected":false},"featured_media":9537,"template":"","meta":[],"product_brand":[],"product_cat":[76],"product_tag":[],"class_list":{"0":"post-9536","1":"product","2":"type-product","3":"status-publish","4":"has-post-thumbnail","6":"product_cat-mesa-centro","8":"first","9":"instock","10":"shipping-taxable","11":"product-type-simple"},"_links":{"self":[{"href":"https:\/\/deccore.com.br\/loja\/wp-json\/wp\/v2\/product\/9536","targetHints":{"allow":["GET"]}}],"collection":[{"href":"https:\/\/deccore.com.br\/loja\/wp-json\/wp\/v2\/product"}],"about":[{"href":"https:\/\/deccore.com.br\/loja\/wp-json\/wp\/v2\/types\/product"}],"version-history":[{"count":2,"href":"https:\/\/deccore.com.br\/loja\/wp-json\/wp\/v2\/product\/9536\/revisions"}],"predecessor-version":[{"id":9857,"href":"https:\/\/deccore.com.br\/loja\/wp-json\/wp\/v2\/product\/9536\/revisions\/9857"}],"wp:featuredmedia":[{"embeddable":true,"href":"https:\/\/deccore.com.br\/loja\/wp-json\/wp\/v2\/media\/9537"}],"wp:attachment":[{"href":"https:\/\/deccore.com.br\/loja\/wp-json\/wp\/v2\/media?parent=9536"}],"wp:term":[{"taxonomy":"product_brand","embeddable":true,"href":"https:\/\/deccore.com.br\/loja\/wp-json\/wp\/v2\/product_brand?post=9536"},{"taxonomy":"product_cat","embeddable":true,"href":"https:\/\/deccore.com.br\/loja\/wp-json\/wp\/v2\/product_cat?post=9536"},{"taxonomy":"product_tag","embeddable":true,"href":"https:\/\/deccore.com.br\/loja\/wp-json\/wp\/v2\/product_tag?post=9536"}],"curies":[{"name":"wp","href":"https:\/\/api.w.org\/{rel}","templated":true}]}}