{"id":9562,"date":"2022-07-14T16:21:30","date_gmt":"2022-07-14T16:21:30","guid":{"rendered":"https:\/\/deccore.com.br\/loja\/?post_type=product&#038;p=9562"},"modified":"2024-10-22T19:09:21","modified_gmt":"2024-10-22T19:09:21","slug":"cadeira-joy-gtt-encomenda","status":"publish","type":"product","link":"https:\/\/deccore.com.br\/loja\/product\/cadeira-joy-gtt-encomenda\/","title":{"rendered":"CADEIRA JOY &#8211; GTT &#8211; ENCOMENDA"},"content":{"rendered":"","protected":false},"excerpt":{"rendered":"<p>Tamanhos dispon\u00edveis (LxPxA)<\/p>\n<p>52 x 52 x 75<\/p>\n<p>V\u00c1RIAS OP\u00c7\u00d5ES DE ACABAMENTOS E REVESTIMENTOS.<\/p>\n","protected":false},"featured_media":9563,"template":"","meta":[],"product_brand":[],"product_cat":[62],"product_tag":[],"class_list":{"0":"post-9562","1":"product","2":"type-product","3":"status-publish","4":"has-post-thumbnail","6":"product_cat-cadeiras","8":"first","9":"onbackorder","10":"shipping-taxable","11":"product-type-simple"},"_links":{"self":[{"href":"https:\/\/deccore.com.br\/loja\/wp-json\/wp\/v2\/product\/9562","targetHints":{"allow":["GET"]}}],"collection":[{"href":"https:\/\/deccore.com.br\/loja\/wp-json\/wp\/v2\/product"}],"about":[{"href":"https:\/\/deccore.com.br\/loja\/wp-json\/wp\/v2\/types\/product"}],"version-history":[{"count":1,"href":"https:\/\/deccore.com.br\/loja\/wp-json\/wp\/v2\/product\/9562\/revisions"}],"predecessor-version":[{"id":9568,"href":"https:\/\/deccore.com.br\/loja\/wp-json\/wp\/v2\/product\/9562\/revisions\/9568"}],"wp:featuredmedia":[{"embeddable":true,"href":"https:\/\/deccore.com.br\/loja\/wp-json\/wp\/v2\/media\/9563"}],"wp:attachment":[{"href":"https:\/\/deccore.com.br\/loja\/wp-json\/wp\/v2\/media?parent=9562"}],"wp:term":[{"taxonomy":"product_brand","embeddable":true,"href":"https:\/\/deccore.com.br\/loja\/wp-json\/wp\/v2\/product_brand?post=9562"},{"taxonomy":"product_cat","embeddable":true,"href":"https:\/\/deccore.com.br\/loja\/wp-json\/wp\/v2\/product_cat?post=9562"},{"taxonomy":"product_tag","embeddable":true,"href":"https:\/\/deccore.com.br\/loja\/wp-json\/wp\/v2\/product_tag?post=9562"}],"curies":[{"name":"wp","href":"https:\/\/api.w.org\/{rel}","templated":true}]}}