{"id":9661,"date":"2022-07-19T13:26:27","date_gmt":"2022-07-19T13:26:27","guid":{"rendered":"https:\/\/deccore.com.br\/loja\/?post_type=product&#038;p=9661"},"modified":"2024-11-11T19:56:32","modified_gmt":"2024-11-11T19:56:32","slug":"sofa-cama-arbor-pronta-entrega-etbl","status":"publish","type":"product","link":"https:\/\/deccore.com.br\/loja\/product\/sofa-cama-arbor-pronta-entrega-etbl\/","title":{"rendered":"SOF\u00c1 CAMA ARBOR &#8211;"},"content":{"rendered":"","protected":false},"excerpt":{"rendered":"<p>V\u00c1RIAS OP\u00c7\u00d5ES DE REVESTIMENTOS POR ENCOMENDA.<\/p>\n<p>2 MEDIDAS.<\/p>\n","protected":false},"featured_media":9662,"template":"","meta":[],"product_brand":[],"product_cat":[81],"product_tag":[],"class_list":{"0":"post-9661","1":"product","2":"type-product","3":"status-publish","4":"has-post-thumbnail","6":"product_cat-sofa-cama","8":"first","9":"instock","10":"shipping-taxable","11":"product-type-simple"},"_links":{"self":[{"href":"https:\/\/deccore.com.br\/loja\/wp-json\/wp\/v2\/product\/9661","targetHints":{"allow":["GET"]}}],"collection":[{"href":"https:\/\/deccore.com.br\/loja\/wp-json\/wp\/v2\/product"}],"about":[{"href":"https:\/\/deccore.com.br\/loja\/wp-json\/wp\/v2\/types\/product"}],"version-history":[{"count":7,"href":"https:\/\/deccore.com.br\/loja\/wp-json\/wp\/v2\/product\/9661\/revisions"}],"predecessor-version":[{"id":15739,"href":"https:\/\/deccore.com.br\/loja\/wp-json\/wp\/v2\/product\/9661\/revisions\/15739"}],"wp:featuredmedia":[{"embeddable":true,"href":"https:\/\/deccore.com.br\/loja\/wp-json\/wp\/v2\/media\/9662"}],"wp:attachment":[{"href":"https:\/\/deccore.com.br\/loja\/wp-json\/wp\/v2\/media?parent=9661"}],"wp:term":[{"taxonomy":"product_brand","embeddable":true,"href":"https:\/\/deccore.com.br\/loja\/wp-json\/wp\/v2\/product_brand?post=9661"},{"taxonomy":"product_cat","embeddable":true,"href":"https:\/\/deccore.com.br\/loja\/wp-json\/wp\/v2\/product_cat?post=9661"},{"taxonomy":"product_tag","embeddable":true,"href":"https:\/\/deccore.com.br\/loja\/wp-json\/wp\/v2\/product_tag?post=9661"}],"curies":[{"name":"wp","href":"https:\/\/api.w.org\/{rel}","templated":true}]}}