{"id":9743,"date":"2022-08-03T15:30:19","date_gmt":"2022-08-03T15:30:19","guid":{"rendered":"https:\/\/deccore.com.br\/loja\/?post_type=product&#038;p=9743"},"modified":"2022-08-03T15:30:19","modified_gmt":"2022-08-03T15:30:19","slug":"jarros-e-vasos-acobreados-a-pronta-entrega","status":"publish","type":"product","link":"https:\/\/deccore.com.br\/loja\/product\/jarros-e-vasos-acobreados-a-pronta-entrega\/","title":{"rendered":"JARROS E VASOS ACOBREADOS \u00c0 PRONTA ENTREGA."},"content":{"rendered":"","protected":false},"excerpt":{"rendered":"<p>PE\u00c7AS QUE FAZEM A DIFEREN\u00c7A!<\/p>\n","protected":false},"featured_media":9744,"template":"","meta":[],"product_brand":[],"product_cat":[15,63],"product_tag":[],"class_list":{"0":"post-9743","1":"product","2":"type-product","3":"status-publish","4":"has-post-thumbnail","6":"product_cat-uncategorized","7":"product_cat-decoracoes","9":"first","10":"instock","11":"shipping-taxable","12":"product-type-simple"},"_links":{"self":[{"href":"https:\/\/deccore.com.br\/loja\/wp-json\/wp\/v2\/product\/9743","targetHints":{"allow":["GET"]}}],"collection":[{"href":"https:\/\/deccore.com.br\/loja\/wp-json\/wp\/v2\/product"}],"about":[{"href":"https:\/\/deccore.com.br\/loja\/wp-json\/wp\/v2\/types\/product"}],"version-history":[{"count":2,"href":"https:\/\/deccore.com.br\/loja\/wp-json\/wp\/v2\/product\/9743\/revisions"}],"predecessor-version":[{"id":9757,"href":"https:\/\/deccore.com.br\/loja\/wp-json\/wp\/v2\/product\/9743\/revisions\/9757"}],"wp:featuredmedia":[{"embeddable":true,"href":"https:\/\/deccore.com.br\/loja\/wp-json\/wp\/v2\/media\/9744"}],"wp:attachment":[{"href":"https:\/\/deccore.com.br\/loja\/wp-json\/wp\/v2\/media?parent=9743"}],"wp:term":[{"taxonomy":"product_brand","embeddable":true,"href":"https:\/\/deccore.com.br\/loja\/wp-json\/wp\/v2\/product_brand?post=9743"},{"taxonomy":"product_cat","embeddable":true,"href":"https:\/\/deccore.com.br\/loja\/wp-json\/wp\/v2\/product_cat?post=9743"},{"taxonomy":"product_tag","embeddable":true,"href":"https:\/\/deccore.com.br\/loja\/wp-json\/wp\/v2\/product_tag?post=9743"}],"curies":[{"name":"wp","href":"https:\/\/api.w.org\/{rel}","templated":true}]}}