{"id":9838,"date":"2022-08-10T16:13:50","date_gmt":"2022-08-10T16:13:50","guid":{"rendered":"https:\/\/deccore.com.br\/loja\/?post_type=product&#038;p=9838"},"modified":"2026-03-24T14:18:42","modified_gmt":"2026-03-24T14:18:42","slug":"carrinho-de-cha-macau-encomenda","status":"publish","type":"product","link":"https:\/\/deccore.com.br\/loja\/product\/carrinho-de-cha-macau-encomenda\/","title":{"rendered":"CARRINHO DE CH\u00c1 MACAU &#8211;  &#8211; BRZL COMT."},"content":{"rendered":"","protected":false},"excerpt":{"rendered":"<p>V\u00c1RIAS OP\u00c7\u00d5ES DE ACABAMENTOS.<br \/>\nnogueira \/ preto fosco \/<\/p>\n<p>det. new golden<\/p>\n<p>medidas:<\/p>\n<p>0,80 x 0,36 x 0,82<\/p>\n","protected":false},"featured_media":9839,"template":"","meta":[],"product_brand":[],"product_cat":[90,89],"product_tag":[],"class_list":{"0":"post-9838","1":"product","2":"type-product","3":"status-publish","4":"has-post-thumbnail","6":"product_cat-carrinho-de-cha","7":"product_cat-carro-bar","9":"first","10":"instock","11":"shipping-taxable","12":"product-type-simple"},"_links":{"self":[{"href":"https:\/\/deccore.com.br\/loja\/wp-json\/wp\/v2\/product\/9838","targetHints":{"allow":["GET"]}}],"collection":[{"href":"https:\/\/deccore.com.br\/loja\/wp-json\/wp\/v2\/product"}],"about":[{"href":"https:\/\/deccore.com.br\/loja\/wp-json\/wp\/v2\/types\/product"}],"version-history":[{"count":6,"href":"https:\/\/deccore.com.br\/loja\/wp-json\/wp\/v2\/product\/9838\/revisions"}],"predecessor-version":[{"id":16433,"href":"https:\/\/deccore.com.br\/loja\/wp-json\/wp\/v2\/product\/9838\/revisions\/16433"}],"wp:featuredmedia":[{"embeddable":true,"href":"https:\/\/deccore.com.br\/loja\/wp-json\/wp\/v2\/media\/9839"}],"wp:attachment":[{"href":"https:\/\/deccore.com.br\/loja\/wp-json\/wp\/v2\/media?parent=9838"}],"wp:term":[{"taxonomy":"product_brand","embeddable":true,"href":"https:\/\/deccore.com.br\/loja\/wp-json\/wp\/v2\/product_brand?post=9838"},{"taxonomy":"product_cat","embeddable":true,"href":"https:\/\/deccore.com.br\/loja\/wp-json\/wp\/v2\/product_cat?post=9838"},{"taxonomy":"product_tag","embeddable":true,"href":"https:\/\/deccore.com.br\/loja\/wp-json\/wp\/v2\/product_tag?post=9838"}],"curies":[{"name":"wp","href":"https:\/\/api.w.org\/{rel}","templated":true}]}}