{"id":9878,"date":"2022-08-16T16:30:55","date_gmt":"2022-08-16T16:30:55","guid":{"rendered":"https:\/\/deccore.com.br\/loja\/?post_type=product&#038;p=9878"},"modified":"2024-11-13T20:49:11","modified_gmt":"2024-11-13T20:49:11","slug":"rack-mobile-encomenda-b-contep","status":"publish","type":"product","link":"https:\/\/deccore.com.br\/loja\/product\/rack-mobile-encomenda-b-contep\/","title":{"rendered":"RACK MOBILE &#8211; ENCOMENDA &#8211; B.CONTEP."},"content":{"rendered":"","protected":false},"excerpt":{"rendered":"<p>V\u00c1RIAS OP\u00c7\u00d5ES DE ACABAMENTOS.<\/p>\n<p>OP\u00c7\u00d5ES DE MEDIDAS:<\/p>\n<table dir=\"ltr\" border=\"1\" cellspacing=\"0\" cellpadding=\"0\">\n<colgroup>\n<col width=\"182\" \/><\/colgroup>\n<tbody>\n<tr>\n<td data-sheets-value=\"{&quot;1&quot;:2,&quot;2&quot;:&quot;2,02 x 0,45 x 0,55&quot;}\">2,02 x 0,45 x 0,55<\/td>\n<\/tr>\n<tr>\n<td data-sheets-value=\"{&quot;1&quot;:2,&quot;2&quot;:&quot;2,17 x 0,45 x 0,55&quot;}\">2,17 x 0,45 x 0,55<\/td>\n<\/tr>\n<\/tbody>\n<\/table>\n","protected":false},"featured_media":9879,"template":"","meta":[],"product_brand":[],"product_cat":[88],"product_tag":[],"class_list":{"0":"post-9878","1":"product","2":"type-product","3":"status-publish","4":"has-post-thumbnail","6":"product_cat-rack","8":"first","9":"onbackorder","10":"shipping-taxable","11":"product-type-simple"},"_links":{"self":[{"href":"https:\/\/deccore.com.br\/loja\/wp-json\/wp\/v2\/product\/9878","targetHints":{"allow":["GET"]}}],"collection":[{"href":"https:\/\/deccore.com.br\/loja\/wp-json\/wp\/v2\/product"}],"about":[{"href":"https:\/\/deccore.com.br\/loja\/wp-json\/wp\/v2\/types\/product"}],"version-history":[{"count":4,"href":"https:\/\/deccore.com.br\/loja\/wp-json\/wp\/v2\/product\/9878\/revisions"}],"predecessor-version":[{"id":9915,"href":"https:\/\/deccore.com.br\/loja\/wp-json\/wp\/v2\/product\/9878\/revisions\/9915"}],"wp:featuredmedia":[{"embeddable":true,"href":"https:\/\/deccore.com.br\/loja\/wp-json\/wp\/v2\/media\/9879"}],"wp:attachment":[{"href":"https:\/\/deccore.com.br\/loja\/wp-json\/wp\/v2\/media?parent=9878"}],"wp:term":[{"taxonomy":"product_brand","embeddable":true,"href":"https:\/\/deccore.com.br\/loja\/wp-json\/wp\/v2\/product_brand?post=9878"},{"taxonomy":"product_cat","embeddable":true,"href":"https:\/\/deccore.com.br\/loja\/wp-json\/wp\/v2\/product_cat?post=9878"},{"taxonomy":"product_tag","embeddable":true,"href":"https:\/\/deccore.com.br\/loja\/wp-json\/wp\/v2\/product_tag?post=9878"}],"curies":[{"name":"wp","href":"https:\/\/api.w.org\/{rel}","templated":true}]}}