{"id":9906,"date":"2022-08-18T14:06:01","date_gmt":"2022-08-18T14:06:01","guid":{"rendered":"https:\/\/deccore.com.br\/loja\/?post_type=product&#038;p=9906"},"modified":"2022-08-18T14:06:01","modified_gmt":"2022-08-18T14:06:01","slug":"designer-paulo-sartori","status":"publish","type":"product","link":"https:\/\/deccore.com.br\/loja\/product\/designer-paulo-sartori\/","title":{"rendered":"DESIGNER: PAULO SARTORI"},"content":{"rendered":"","protected":false},"excerpt":{"rendered":"<div>Formado no curso de Pr\u00f3-Design pelo CETEMO \u2013 Centro Tecnol\u00f3gico do Mobili\u00e1rio e extens\u00e3o em Design de M\u00f3veis pela UCS \u2013 Universidade de Caxias do Sul, Paulo Sartori atua na \u00e1rea moveleira h\u00e1 25 anos.<\/div>\n<div><\/div>\n<div>Dedicado e apaixonado pelo que faz, o designer fez dessa paix\u00e3o uma voca\u00e7\u00e3o e foi um dos fundadores da Essenza M\u00f3veis. Com um olhar agu\u00e7ado e perspicaz, se inspira nas suas pr\u00f3prias experi\u00eancias pessoais, na arte e na natureza para produzir pe\u00e7as autorais, que fazem a diferen\u00e7a na vida das pessoas.<\/div>\n<div><\/div>\n","protected":false},"featured_media":9907,"template":"","meta":[],"product_brand":[],"product_cat":[15],"product_tag":[],"class_list":{"0":"post-9906","1":"product","2":"type-product","3":"status-publish","4":"has-post-thumbnail","6":"product_cat-uncategorized","8":"first","9":"instock","10":"shipping-taxable","11":"product-type-simple"},"_links":{"self":[{"href":"https:\/\/deccore.com.br\/loja\/wp-json\/wp\/v2\/product\/9906","targetHints":{"allow":["GET"]}}],"collection":[{"href":"https:\/\/deccore.com.br\/loja\/wp-json\/wp\/v2\/product"}],"about":[{"href":"https:\/\/deccore.com.br\/loja\/wp-json\/wp\/v2\/types\/product"}],"version-history":[{"count":1,"href":"https:\/\/deccore.com.br\/loja\/wp-json\/wp\/v2\/product\/9906\/revisions"}],"predecessor-version":[{"id":9908,"href":"https:\/\/deccore.com.br\/loja\/wp-json\/wp\/v2\/product\/9906\/revisions\/9908"}],"wp:featuredmedia":[{"embeddable":true,"href":"https:\/\/deccore.com.br\/loja\/wp-json\/wp\/v2\/media\/9907"}],"wp:attachment":[{"href":"https:\/\/deccore.com.br\/loja\/wp-json\/wp\/v2\/media?parent=9906"}],"wp:term":[{"taxonomy":"product_brand","embeddable":true,"href":"https:\/\/deccore.com.br\/loja\/wp-json\/wp\/v2\/product_brand?post=9906"},{"taxonomy":"product_cat","embeddable":true,"href":"https:\/\/deccore.com.br\/loja\/wp-json\/wp\/v2\/product_cat?post=9906"},{"taxonomy":"product_tag","embeddable":true,"href":"https:\/\/deccore.com.br\/loja\/wp-json\/wp\/v2\/product_tag?post=9906"}],"curies":[{"name":"wp","href":"https:\/\/api.w.org\/{rel}","templated":true}]}}